{"id":34,"date":"2023-08-11T10:34:46","date_gmt":"2023-08-11T08:34:46","guid":{"rendered":"https:\/\/caencharpente.fr\/?page_id=34"},"modified":"2024-01-18T16:20:30","modified_gmt":"2024-01-18T15:20:30","slug":"escaliers","status":"publish","type":"page","link":"https:\/\/caencharpente.fr\/?page_id=34","title":{"rendered":"Escaliers"},"content":{"rendered":"\t\t<div data-elementor-type=\"wp-page\" data-elementor-id=\"34\" class=\"elementor elementor-34\">\n\t\t\t\t\t\t<section class=\"elementor-section elementor-top-section elementor-element elementor-element-05021bc elementor-section-full_width elementor-section-stretched elementor-section-height-default elementor-section-height-default\" data-id=\"05021bc\" data-element_type=\"section\" data-e-type=\"section\" data-settings=\"{&quot;stretch_section&quot;:&quot;section-stretched&quot;,&quot;background_background&quot;:&quot;classic&quot;}\">\n\t\t\t\t\t\t<div class=\"elementor-container elementor-column-gap-default\">\n\t\t\t\t\t<div class=\"elementor-column elementor-col-100 elementor-top-column elementor-element elementor-element-a959e77\" data-id=\"a959e77\" data-element_type=\"column\" data-e-type=\"column\">\n\t\t\t<div class=\"elementor-widget-wrap elementor-element-populated\">\n\t\t\t\t\t\t<div class=\"elementor-element elementor-element-464f032 elementor-widget__width-initial animated-slow e-transform elementor-widget-mobile__width-initial elementor-invisible elementor-widget elementor-widget-heading\" data-id=\"464f032\" data-element_type=\"widget\" data-e-type=\"widget\" data-settings=\"{&quot;_animation&quot;:&quot;fadeInLeft&quot;,&quot;_transform_translateX_effect&quot;:{&quot;unit&quot;:&quot;px&quot;,&quot;size&quot;:7,&quot;sizes&quot;:[]},&quot;_transform_translateY_effect&quot;:{&quot;unit&quot;:&quot;px&quot;,&quot;size&quot;:164,&quot;sizes&quot;:[]},&quot;_transform_translateX_effect_mobile&quot;:{&quot;unit&quot;:&quot;px&quot;,&quot;size&quot;:0,&quot;sizes&quot;:[]},&quot;_transform_translateX_effect_tablet&quot;:{&quot;unit&quot;:&quot;px&quot;,&quot;size&quot;:&quot;&quot;,&quot;sizes&quot;:[]},&quot;_transform_translateY_effect_tablet&quot;:{&quot;unit&quot;:&quot;px&quot;,&quot;size&quot;:&quot;&quot;,&quot;sizes&quot;:[]},&quot;_transform_translateY_effect_mobile&quot;:{&quot;unit&quot;:&quot;px&quot;,&quot;size&quot;:&quot;&quot;,&quot;sizes&quot;:[]}}\" data-widget_type=\"heading.default\">\n\t\t\t\t<div class=\"elementor-widget-container\">\n\t\t\t\t\t<h2 class=\"elementor-heading-title elementor-size-default\">ESCALIERS<\/h2>\t\t\t\t<\/div>\n\t\t\t\t<\/div>\n\t\t\t\t\t<\/div>\n\t\t<\/div>\n\t\t\t\t\t<\/div>\n\t\t<\/section>\n\t\t\t\t<section class=\"elementor-section elementor-top-section elementor-element elementor-element-ec9ef09 elementor-section-boxed elementor-section-height-default elementor-section-height-default\" data-id=\"ec9ef09\" data-element_type=\"section\" data-e-type=\"section\">\n\t\t\t\t\t\t<div class=\"elementor-container elementor-column-gap-default\">\n\t\t\t\t\t<div class=\"elementor-column elementor-col-100 elementor-top-column elementor-element elementor-element-70217c5\" data-id=\"70217c5\" data-element_type=\"column\" data-e-type=\"column\">\n\t\t\t<div class=\"elementor-widget-wrap elementor-element-populated\">\n\t\t\t\t\t\t<div class=\"elementor-element elementor-element-cb21939 elementor-widget elementor-widget-text-editor\" data-id=\"cb21939\" data-element_type=\"widget\" data-e-type=\"widget\" data-widget_type=\"text-editor.default\">\n\t\t\t\t<div class=\"elementor-widget-container\">\n\t\t\t\t\t\t\t\t\t<div id=\"1311230220\" class=\"u_1311230220 dmNewParagraph\" data-element-type=\"paragraph\" data-version=\"5\"><h1 class=\"m-size-32\"><span class=\"m-font-size-32\">Conception et pose d\u2019escaliers sur mesure<\/span><span class=\"m-font-size-32\">\u00a0<\/span><span class=\"m-font-size-32\">bois ou mixtes \u00e0 Caen<\/span><\/h1><\/div><div id=\"1388059442\" class=\"dmNewParagraph\" data-element-type=\"paragraph\" data-version=\"5\"><p><span class=\"\">Chez Caen Charpente, nous mettons tout notre savoir-faire \u00e0 votre service pour la conception et l\u2019installation d\u2019escaliers sur mesure en <\/span>bois et mixtes. Quelle que soit la forme de l\u2019escalier de vos r\u00eaves, qu\u2019il soit droit ou tournant, nous concevons l\u2019escalier adapt\u00e9 \u00e0 votre int\u00e9rieur et \u00e0 vos envies.<\/p><p><span class=\"\">Un escalier est une pi\u00e8ce ma\u00eetresse dans un int\u00e9rieur et il peut \u00e0 lui seul\u00a0<\/span>red\u00e9finir le style d\u2019une pi\u00e8ce<span class=\"\">. C\u2019est pourquoi il est primordial de choisir le style de votre escalier avec soin afin qu\u2019il corresponde le plus possible \u00e0 votre style et \u00e0 vos\u00a0<\/span>menuiseries int\u00e9rieures<span class=\"\">\u00a0(<\/span>garde-corps<span class=\"\">,\u00a0<\/span>parquet\u2026).<\/p><\/div>\t\t\t\t\t\t\t\t<\/div>\n\t\t\t\t<\/div>\n\t\t\t\t\t<\/div>\n\t\t<\/div>\n\t\t\t\t\t<\/div>\n\t\t<\/section>\n\t\t\t\t<section class=\"elementor-section elementor-top-section elementor-element elementor-element-c61e7d5 elementor-section-stretched elementor-section-boxed elementor-section-height-default elementor-section-height-default\" data-id=\"c61e7d5\" data-element_type=\"section\" data-e-type=\"section\" data-settings=\"{&quot;stretch_section&quot;:&quot;section-stretched&quot;}\">\n\t\t\t\t\t\t<div class=\"elementor-container elementor-column-gap-default\">\n\t\t\t\t\t<div class=\"elementor-column elementor-col-50 elementor-top-column elementor-element elementor-element-906da84\" data-id=\"906da84\" data-element_type=\"column\" data-e-type=\"column\">\n\t\t\t<div class=\"elementor-widget-wrap elementor-element-populated\">\n\t\t\t\t\t\t<div class=\"elementor-element elementor-element-0e4cee2 elementor-widget elementor-widget-image\" data-id=\"0e4cee2\" data-element_type=\"widget\" data-e-type=\"widget\" data-widget_type=\"image.default\">\n\t\t\t\t<div class=\"elementor-widget-container\">\n\t\t\t\t\t\t\t\t\t\t\t\t\t\t\t<img decoding=\"async\" src=\"https:\/\/caencharpente.fr\/wp-content\/uploads\/elementor\/thumbs\/ESCALIER4-2880w-rjmusleuq3b2kag78rhexaiuisg0cm29750ufaqeu8.webp\" title=\"ESCALIER+(4)-2880w\" alt=\"ESCALIER+(4)-2880w\" loading=\"lazy\" \/>\t\t\t\t\t\t\t\t\t\t\t\t\t\t\t<\/div>\n\t\t\t\t<\/div>\n\t\t\t\t\t<\/div>\n\t\t<\/div>\n\t\t\t\t<div class=\"elementor-column elementor-col-50 elementor-top-column elementor-element elementor-element-67d60a6\" data-id=\"67d60a6\" data-element_type=\"column\" data-e-type=\"column\">\n\t\t\t<div class=\"elementor-widget-wrap elementor-element-populated\">\n\t\t\t\t\t\t<div class=\"elementor-element elementor-element-6b43c6e elementor-widget elementor-widget-text-editor\" data-id=\"6b43c6e\" data-element_type=\"widget\" data-e-type=\"widget\" data-widget_type=\"text-editor.default\">\n\t\t\t\t<div class=\"elementor-widget-container\">\n\t\t\t\t\t\t\t\t\t<div data-element-type=\"paragraph\" data-version=\"5\">\n<h2>Pourquoi opter<br>pour un escalier sur mesure ?&nbsp;<\/h2>\n<\/div>\n<div data-element-type=\"dDividerId\" data-layout=\"divider-style-1\" data-widget-version=\"2\">La conception sur mesure d\u2019un escalier permet de l\u2019adapter totalement au style de votre int\u00e9rieur afin qu\u2019il s\u2019y fonde harmonieusement. De plus, nous pouvons vous proposer d\u2019acc\u00e9der \u00e0 de nombreuses options de personnalisation. Tournant, droit, colima\u00e7on, couleur, essence de bois, choix des mat\u00e9riaux, tout est possible gr\u00e2ce au sur-mesure. Les essences de bois disponibles sont nombreuses : ch\u00eane, sapin, fr\u00eane, h\u00eatre\u2026<\/div>\n<div data-element-type=\"paragraph\" data-version=\"5\">\n<p>Enfin, quel que soit votre choix, avec un escalier sur mesure \u2013 qu\u2019il soit droit, tournant ou h\u00e9lico\u00efdal \u2013, vous disposerez d\u2019une pi\u00e8ce unique rendant votre int\u00e9rieur exceptionnel.<\/p>\n<\/div>\t\t\t\t\t\t\t\t<\/div>\n\t\t\t\t<\/div>\n\t\t\t\t\t<\/div>\n\t\t<\/div>\n\t\t\t\t\t<\/div>\n\t\t<\/section>\n\t\t\t\t<section class=\"elementor-section elementor-top-section elementor-element elementor-element-47db7db elementor-section-stretched elementor-section-boxed elementor-section-height-default elementor-section-height-default\" data-id=\"47db7db\" data-element_type=\"section\" data-e-type=\"section\" data-settings=\"{&quot;stretch_section&quot;:&quot;section-stretched&quot;}\">\n\t\t\t\t\t\t<div class=\"elementor-container elementor-column-gap-default\">\n\t\t\t\t\t<div class=\"elementor-column elementor-col-50 elementor-top-column elementor-element elementor-element-c1ac2b7\" data-id=\"c1ac2b7\" data-element_type=\"column\" data-e-type=\"column\">\n\t\t\t<div class=\"elementor-widget-wrap elementor-element-populated\">\n\t\t\t\t\t\t<div class=\"elementor-element elementor-element-bbf4aaf elementor-widget elementor-widget-text-editor\" data-id=\"bbf4aaf\" data-element_type=\"widget\" data-e-type=\"widget\" data-widget_type=\"text-editor.default\">\n\t\t\t\t<div class=\"elementor-widget-container\">\n\t\t\t\t\t\t\t\t\t<div id=\"1845578235\" class=\"u_1845578235 dmNewParagraph\" data-element-type=\"paragraph\" data-version=\"5\"><h2><span class=\"\">Quels sont les autres avantages\u00a0<\/span>d\u2019un escalier sur mesure ?\u00a0<\/h2><\/div><div id=\"1257854307\" class=\"dmDividerWrapper clearfix u_1257854307\" data-element-type=\"dDividerId\" data-layout=\"divider-style-1\" data-widget-version=\"2\">Quand on fait le choix d\u2019installer un escalier dans son int\u00e9rieur, il n\u2019est pas ais\u00e9 de savoir quel type d\u2019escalier convient le mieux \u00e0 son agencement. Avec un escalier sur mesure, les nombreuses combinaisons possibles permettent de l\u2019adapter parfaitement \u00e0 votre int\u00e9rieur.<\/div><div id=\"1381010899\" class=\"dmNewParagraph u_1381010899\" data-element-type=\"paragraph\" data-version=\"5\"><p>Le sur-mesure vous permet de personnaliser enti\u00e8rement votre escalier en choisissant sa rampe, le limon, les marches et contremarches, ainsi que l\u2019essence de bois qui vous convient le mieux. Avec un tel escalier, vous donnerez une nouvelle jeunesse \u00e0 votre int\u00e9rieur et vous lui apporterez un cachet ind\u00e9niable.<\/p><\/div>\t\t\t\t\t\t\t\t<\/div>\n\t\t\t\t<\/div>\n\t\t\t\t\t<\/div>\n\t\t<\/div>\n\t\t\t\t<div class=\"elementor-column elementor-col-50 elementor-top-column elementor-element elementor-element-a434b90\" data-id=\"a434b90\" data-element_type=\"column\" data-e-type=\"column\">\n\t\t\t<div class=\"elementor-widget-wrap elementor-element-populated\">\n\t\t\t\t\t\t<div class=\"elementor-element elementor-element-9be9962 elementor-widget elementor-widget-image\" data-id=\"9be9962\" data-element_type=\"widget\" data-e-type=\"widget\" data-widget_type=\"image.default\">\n\t\t\t\t<div class=\"elementor-widget-container\">\n\t\t\t\t\t\t\t\t\t\t\t\t\t\t\t<img decoding=\"async\" src=\"https:\/\/caencharpente.fr\/wp-content\/uploads\/elementor\/thumbs\/IMG_2685-2880w-rjmusleuq3b2kag78rhexaiuisg0cm29750ufaqeu8.webp\" title=\"IMG_2685-2880w\" alt=\"IMG_2685-2880w\" loading=\"lazy\" \/>\t\t\t\t\t\t\t\t\t\t\t\t\t\t\t<\/div>\n\t\t\t\t<\/div>\n\t\t\t\t\t<\/div>\n\t\t<\/div>\n\t\t\t\t\t<\/div>\n\t\t<\/section>\n\t\t\t\t<section class=\"elementor-section elementor-top-section elementor-element elementor-element-42bd5ce elementor-section-boxed elementor-section-height-default elementor-section-height-default\" data-id=\"42bd5ce\" data-element_type=\"section\" data-e-type=\"section\">\n\t\t\t\t\t\t<div class=\"elementor-container elementor-column-gap-default\">\n\t\t\t\t\t<div class=\"elementor-column elementor-col-100 elementor-top-column elementor-element elementor-element-1ed8064\" data-id=\"1ed8064\" data-element_type=\"column\" data-e-type=\"column\">\n\t\t\t<div class=\"elementor-widget-wrap elementor-element-populated\">\n\t\t\t\t\t\t<div class=\"elementor-element elementor-element-81c81a7 elementor-widget elementor-widget-text-editor\" data-id=\"81c81a7\" data-element_type=\"widget\" data-e-type=\"widget\" data-widget_type=\"text-editor.default\">\n\t\t\t\t<div class=\"elementor-widget-container\">\n\t\t\t\t\t\t\t\t\t<div id=\"1722565961\" class=\"u_1722565961 dmNewParagraph\" data-element-type=\"paragraph\" data-version=\"5\"><h2 class=\"m-size-28\"><span class=\"m-font-size-28\">Nous vous aidons \u00e0 donner vie<\/span><span class=\"m-font-size-28\">\u00a0<\/span><span class=\"m-font-size-28\">\u00e0 l\u2019escalier de vos r\u00eaves\u00a0<\/span><\/h2><\/div><div id=\"1387446368\" class=\"dmNewParagraph u_1387446368\" data-element-type=\"paragraph\" data-version=\"5\"><p>Vous avez un projet d\u2019escalier ? Faites-nous part de vos envies et de vos id\u00e9es et optez pour la tranquillit\u00e9 d\u2019esprit en faisant appel \u00e0 un ma\u00eetre artisan en nous contactant d\u00e8s \u00e0 pr\u00e9sent.<\/p><\/div>\t\t\t\t\t\t\t\t<\/div>\n\t\t\t\t<\/div>\n\t\t\t\t<div class=\"elementor-element elementor-element-24be576 elementor-widget elementor-widget-button\" data-id=\"24be576\" data-element_type=\"widget\" data-e-type=\"widget\" data-widget_type=\"button.default\">\n\t\t\t\t<div class=\"elementor-widget-container\">\n\t\t\t\t\t\t\t\t\t<div class=\"elementor-button-wrapper\">\n\t\t\t\t\t<a class=\"elementor-button elementor-button-link elementor-size-sm\" href=\"https:\/\/caencharpente.fr\/?page_id=72\">\n\t\t\t\t\t\t<span class=\"elementor-button-content-wrapper\">\n\t\t\t\t\t\t<span class=\"elementor-button-icon\">\n\t\t\t\t<i aria-hidden=\"true\" class=\"fas fa-phone-alt\"><\/i>\t\t\t<\/span>\n\t\t\t\t\t\t\t\t\t<span class=\"elementor-button-text\">Contactez-nous<\/span>\n\t\t\t\t\t<\/span>\n\t\t\t\t\t<\/a>\n\t\t\t\t<\/div>\n\t\t\t\t\t\t\t\t<\/div>\n\t\t\t\t<\/div>\n\t\t\t\t\t<\/div>\n\t\t<\/div>\n\t\t\t\t\t<\/div>\n\t\t<\/section>\n\t\t\t\t<section class=\"elementor-section elementor-top-section elementor-element elementor-element-29e5b68 elementor-section-boxed elementor-section-height-default elementor-section-height-default\" data-id=\"29e5b68\" data-element_type=\"section\" data-e-type=\"section\">\n\t\t\t\t\t\t<div class=\"elementor-container elementor-column-gap-default\">\n\t\t\t\t\t<div class=\"elementor-column elementor-col-50 elementor-top-column elementor-element elementor-element-c4299b0\" data-id=\"c4299b0\" data-element_type=\"column\" data-e-type=\"column\">\n\t\t\t<div class=\"elementor-widget-wrap\">\n\t\t\t\t\t\t\t<\/div>\n\t\t<\/div>\n\t\t\t\t<div class=\"elementor-column elementor-col-50 elementor-top-column elementor-element elementor-element-9c628df\" data-id=\"9c628df\" data-element_type=\"column\" data-e-type=\"column\">\n\t\t\t<div class=\"elementor-widget-wrap\">\n\t\t\t\t\t\t\t<\/div>\n\t\t<\/div>\n\t\t\t\t\t<\/div>\n\t\t<\/section>\n\t\t\t\t<\/div>\n\t\t","protected":false},"excerpt":{"rendered":"<p>ESCALIERS Conception et pose d\u2019escaliers sur mesure\u00a0bois ou mixtes \u00e0 Caen Chez Caen Charpente, nous mettons tout notre savoir-faire \u00e0 votre service pour la conception et l\u2019installation d\u2019escaliers sur mesure en bois et mixtes. Quelle que soit la forme de l\u2019escalier de vos r\u00eaves, qu\u2019il soit droit ou tournant, nous concevons l\u2019escalier adapt\u00e9 \u00e0 votre [&hellip;]<\/p>\n","protected":false},"author":1,"featured_media":0,"parent":0,"menu_order":0,"comment_status":"closed","ping_status":"closed","template":"","meta":{"ocean_post_layout":"","ocean_both_sidebars_style":"","ocean_both_sidebars_content_width":0,"ocean_both_sidebars_sidebars_width":0,"ocean_sidebar":"0","ocean_second_sidebar":"0","ocean_disable_margins":"enable","ocean_add_body_class":"","ocean_shortcode_before_top_bar":"","ocean_shortcode_after_top_bar":"","ocean_shortcode_before_header":"","ocean_shortcode_after_header":"","ocean_has_shortcode":"","ocean_shortcode_after_title":"","ocean_shortcode_before_footer_widgets":"","ocean_shortcode_after_footer_widgets":"","ocean_shortcode_before_footer_bottom":"","ocean_shortcode_after_footer_bottom":"","ocean_display_top_bar":"default","ocean_display_header":"default","ocean_header_style":"","ocean_center_header_left_menu":"0","ocean_custom_header_template":"0","ocean_custom_logo":0,"ocean_custom_retina_logo":0,"ocean_custom_logo_max_width":0,"ocean_custom_logo_tablet_max_width":0,"ocean_custom_logo_mobile_max_width":0,"ocean_custom_logo_max_height":0,"ocean_custom_logo_tablet_max_height":0,"ocean_custom_logo_mobile_max_height":0,"ocean_header_custom_menu":"0","ocean_menu_typo_font_family":"0","ocean_menu_typo_font_subset":"","ocean_menu_typo_font_size":0,"ocean_menu_typo_font_size_tablet":0,"ocean_menu_typo_font_size_mobile":0,"ocean_menu_typo_font_size_unit":"px","ocean_menu_typo_font_weight":"","ocean_menu_typo_font_weight_tablet":"","ocean_menu_typo_font_weight_mobile":"","ocean_menu_typo_transform":"","ocean_menu_typo_transform_tablet":"","ocean_menu_typo_transform_mobile":"","ocean_menu_typo_line_height":0,"ocean_menu_typo_line_height_tablet":0,"ocean_menu_typo_line_height_mobile":0,"ocean_menu_typo_line_height_unit":"","ocean_menu_typo_spacing":0,"ocean_menu_typo_spacing_tablet":0,"ocean_menu_typo_spacing_mobile":0,"ocean_menu_typo_spacing_unit":"","ocean_menu_link_color":"","ocean_menu_link_color_hover":"","ocean_menu_link_color_active":"","ocean_menu_link_background":"","ocean_menu_link_hover_background":"","ocean_menu_link_active_background":"","ocean_menu_social_links_bg":"","ocean_menu_social_hover_links_bg":"","ocean_menu_social_links_color":"","ocean_menu_social_hover_links_color":"","ocean_disable_title":"default","ocean_disable_heading":"default","ocean_post_title":"","ocean_post_subheading":"","ocean_post_title_style":"","ocean_post_title_background_color":"","ocean_post_title_background":0,"ocean_post_title_bg_image_position":"","ocean_post_title_bg_image_attachment":"","ocean_post_title_bg_image_repeat":"","ocean_post_title_bg_image_size":"","ocean_post_title_height":0,"ocean_post_title_bg_overlay":0.5,"ocean_post_title_bg_overlay_color":"","ocean_disable_breadcrumbs":"default","ocean_breadcrumbs_color":"","ocean_breadcrumbs_separator_color":"","ocean_breadcrumbs_links_color":"","ocean_breadcrumbs_links_hover_color":"","ocean_display_footer_widgets":"default","ocean_display_footer_bottom":"default","ocean_custom_footer_template":"0","footnotes":""},"class_list":["post-34","page","type-page","status-publish","hentry","entry"],"yoast_head":"<!-- This site is optimized with the Yoast SEO plugin v27.0 - https:\/\/yoast.com\/product\/yoast-seo-wordpress\/ -->\n<title>Escaliers - Caen Charpente<\/title>\n<meta name=\"robots\" content=\"index, follow, max-snippet:-1, max-image-preview:large, max-video-preview:-1\" \/>\n<link rel=\"canonical\" href=\"https:\/\/caencharpente.fr\/?page_id=34\" \/>\n<meta property=\"og:locale\" content=\"fr_FR\" \/>\n<meta property=\"og:type\" content=\"article\" \/>\n<meta property=\"og:title\" content=\"Escaliers - Caen Charpente\" \/>\n<meta property=\"og:description\" content=\"ESCALIERS Conception et pose d\u2019escaliers sur mesure\u00a0bois ou mixtes \u00e0 Caen Chez Caen Charpente, nous mettons tout notre savoir-faire \u00e0 votre service pour la conception et l\u2019installation d\u2019escaliers sur mesure en bois et mixtes. Quelle que soit la forme de l\u2019escalier de vos r\u00eaves, qu\u2019il soit droit ou tournant, nous concevons l\u2019escalier adapt\u00e9 \u00e0 votre [&hellip;]\" \/>\n<meta property=\"og:url\" content=\"https:\/\/caencharpente.fr\/?page_id=34\" \/>\n<meta property=\"og:site_name\" content=\"Caen Charpente\" \/>\n<meta property=\"article:modified_time\" content=\"2024-01-18T15:20:30+00:00\" \/>\n<meta property=\"og:image\" content=\"https:\/\/caencharpente.fr\/wp-content\/uploads\/elementor\/thumbs\/ESCALIER4-2880w-qcyxpwmj2vh7oudw6rz0obp8o1f6oat47z5d4u2xeo.webp\" \/>\n<meta name=\"twitter:card\" content=\"summary_large_image\" \/>\n<meta name=\"twitter:label1\" content=\"Dur\u00e9e de lecture estim\u00e9e\" \/>\n\t<meta name=\"twitter:data1\" content=\"3 minutes\" \/>\n<script type=\"application\/ld+json\" class=\"yoast-schema-graph\">{\"@context\":\"https:\/\/schema.org\",\"@graph\":[{\"@type\":\"WebPage\",\"@id\":\"https:\/\/caencharpente.fr\/?page_id=34\",\"url\":\"https:\/\/caencharpente.fr\/?page_id=34\",\"name\":\"Escaliers - Caen Charpente\",\"isPartOf\":{\"@id\":\"https:\/\/caencharpente.fr\/#website\"},\"primaryImageOfPage\":{\"@id\":\"https:\/\/caencharpente.fr\/?page_id=34#primaryimage\"},\"image\":{\"@id\":\"https:\/\/caencharpente.fr\/?page_id=34#primaryimage\"},\"thumbnailUrl\":\"https:\/\/caencharpente.fr\/wp-content\/uploads\/elementor\/thumbs\/ESCALIER4-2880w-qcyxpwmj2vh7oudw6rz0obp8o1f6oat47z5d4u2xeo.webp\",\"datePublished\":\"2023-08-11T08:34:46+00:00\",\"dateModified\":\"2024-01-18T15:20:30+00:00\",\"breadcrumb\":{\"@id\":\"https:\/\/caencharpente.fr\/?page_id=34#breadcrumb\"},\"inLanguage\":\"fr-FR\",\"potentialAction\":[{\"@type\":\"ReadAction\",\"target\":[\"https:\/\/caencharpente.fr\/?page_id=34\"]}]},{\"@type\":\"ImageObject\",\"inLanguage\":\"fr-FR\",\"@id\":\"https:\/\/caencharpente.fr\/?page_id=34#primaryimage\",\"url\":\"https:\/\/caencharpente.fr\/wp-content\/uploads\/elementor\/thumbs\/ESCALIER4-2880w-qcyxpwmj2vh7oudw6rz0obp8o1f6oat47z5d4u2xeo.webp\",\"contentUrl\":\"https:\/\/caencharpente.fr\/wp-content\/uploads\/elementor\/thumbs\/ESCALIER4-2880w-qcyxpwmj2vh7oudw6rz0obp8o1f6oat47z5d4u2xeo.webp\"},{\"@type\":\"BreadcrumbList\",\"@id\":\"https:\/\/caencharpente.fr\/?page_id=34#breadcrumb\",\"itemListElement\":[{\"@type\":\"ListItem\",\"position\":1,\"name\":\"Accueil\",\"item\":\"https:\/\/caencharpente.fr\/\"},{\"@type\":\"ListItem\",\"position\":2,\"name\":\"Escaliers\"}]},{\"@type\":\"WebSite\",\"@id\":\"https:\/\/caencharpente.fr\/#website\",\"url\":\"https:\/\/caencharpente.fr\/\",\"name\":\"Caen Charpente\",\"description\":\"\",\"publisher\":{\"@id\":\"https:\/\/caencharpente.fr\/#organization\"},\"potentialAction\":[{\"@type\":\"SearchAction\",\"target\":{\"@type\":\"EntryPoint\",\"urlTemplate\":\"https:\/\/caencharpente.fr\/?s={search_term_string}\"},\"query-input\":{\"@type\":\"PropertyValueSpecification\",\"valueRequired\":true,\"valueName\":\"search_term_string\"}}],\"inLanguage\":\"fr-FR\"},{\"@type\":\"Organization\",\"@id\":\"https:\/\/caencharpente.fr\/#organization\",\"name\":\"Caen Charpente\",\"url\":\"https:\/\/caencharpente.fr\/\",\"logo\":{\"@type\":\"ImageObject\",\"inLanguage\":\"fr-FR\",\"@id\":\"https:\/\/caencharpente.fr\/#\/schema\/logo\/image\/\",\"url\":\"https:\/\/caencharpente.fr\/wp-content\/uploads\/2023\/08\/cropped-cropped-cropped-Logo_CharpMenui_RVB__2_-removebg-preview-1920w.webp\",\"contentUrl\":\"https:\/\/caencharpente.fr\/wp-content\/uploads\/2023\/08\/cropped-cropped-cropped-Logo_CharpMenui_RVB__2_-removebg-preview-1920w.webp\",\"width\":1006,\"height\":248,\"caption\":\"Caen Charpente\"},\"image\":{\"@id\":\"https:\/\/caencharpente.fr\/#\/schema\/logo\/image\/\"}}]}<\/script>\n<!-- \/ Yoast SEO plugin. -->","yoast_head_json":{"title":"Escaliers - Caen Charpente","robots":{"index":"index","follow":"follow","max-snippet":"max-snippet:-1","max-image-preview":"max-image-preview:large","max-video-preview":"max-video-preview:-1"},"canonical":"https:\/\/caencharpente.fr\/?page_id=34","og_locale":"fr_FR","og_type":"article","og_title":"Escaliers - Caen Charpente","og_description":"ESCALIERS Conception et pose d\u2019escaliers sur mesure\u00a0bois ou mixtes \u00e0 Caen Chez Caen Charpente, nous mettons tout notre savoir-faire \u00e0 votre service pour la conception et l\u2019installation d\u2019escaliers sur mesure en bois et mixtes. Quelle que soit la forme de l\u2019escalier de vos r\u00eaves, qu\u2019il soit droit ou tournant, nous concevons l\u2019escalier adapt\u00e9 \u00e0 votre [&hellip;]","og_url":"https:\/\/caencharpente.fr\/?page_id=34","og_site_name":"Caen Charpente","article_modified_time":"2024-01-18T15:20:30+00:00","og_image":[{"url":"https:\/\/caencharpente.fr\/wp-content\/uploads\/elementor\/thumbs\/ESCALIER4-2880w-qcyxpwmj2vh7oudw6rz0obp8o1f6oat47z5d4u2xeo.webp","type":"","width":"","height":""}],"twitter_card":"summary_large_image","twitter_misc":{"Dur\u00e9e de lecture estim\u00e9e":"3 minutes"},"schema":{"@context":"https:\/\/schema.org","@graph":[{"@type":"WebPage","@id":"https:\/\/caencharpente.fr\/?page_id=34","url":"https:\/\/caencharpente.fr\/?page_id=34","name":"Escaliers - Caen Charpente","isPartOf":{"@id":"https:\/\/caencharpente.fr\/#website"},"primaryImageOfPage":{"@id":"https:\/\/caencharpente.fr\/?page_id=34#primaryimage"},"image":{"@id":"https:\/\/caencharpente.fr\/?page_id=34#primaryimage"},"thumbnailUrl":"https:\/\/caencharpente.fr\/wp-content\/uploads\/elementor\/thumbs\/ESCALIER4-2880w-qcyxpwmj2vh7oudw6rz0obp8o1f6oat47z5d4u2xeo.webp","datePublished":"2023-08-11T08:34:46+00:00","dateModified":"2024-01-18T15:20:30+00:00","breadcrumb":{"@id":"https:\/\/caencharpente.fr\/?page_id=34#breadcrumb"},"inLanguage":"fr-FR","potentialAction":[{"@type":"ReadAction","target":["https:\/\/caencharpente.fr\/?page_id=34"]}]},{"@type":"ImageObject","inLanguage":"fr-FR","@id":"https:\/\/caencharpente.fr\/?page_id=34#primaryimage","url":"https:\/\/caencharpente.fr\/wp-content\/uploads\/elementor\/thumbs\/ESCALIER4-2880w-qcyxpwmj2vh7oudw6rz0obp8o1f6oat47z5d4u2xeo.webp","contentUrl":"https:\/\/caencharpente.fr\/wp-content\/uploads\/elementor\/thumbs\/ESCALIER4-2880w-qcyxpwmj2vh7oudw6rz0obp8o1f6oat47z5d4u2xeo.webp"},{"@type":"BreadcrumbList","@id":"https:\/\/caencharpente.fr\/?page_id=34#breadcrumb","itemListElement":[{"@type":"ListItem","position":1,"name":"Accueil","item":"https:\/\/caencharpente.fr\/"},{"@type":"ListItem","position":2,"name":"Escaliers"}]},{"@type":"WebSite","@id":"https:\/\/caencharpente.fr\/#website","url":"https:\/\/caencharpente.fr\/","name":"Caen Charpente","description":"","publisher":{"@id":"https:\/\/caencharpente.fr\/#organization"},"potentialAction":[{"@type":"SearchAction","target":{"@type":"EntryPoint","urlTemplate":"https:\/\/caencharpente.fr\/?s={search_term_string}"},"query-input":{"@type":"PropertyValueSpecification","valueRequired":true,"valueName":"search_term_string"}}],"inLanguage":"fr-FR"},{"@type":"Organization","@id":"https:\/\/caencharpente.fr\/#organization","name":"Caen Charpente","url":"https:\/\/caencharpente.fr\/","logo":{"@type":"ImageObject","inLanguage":"fr-FR","@id":"https:\/\/caencharpente.fr\/#\/schema\/logo\/image\/","url":"https:\/\/caencharpente.fr\/wp-content\/uploads\/2023\/08\/cropped-cropped-cropped-Logo_CharpMenui_RVB__2_-removebg-preview-1920w.webp","contentUrl":"https:\/\/caencharpente.fr\/wp-content\/uploads\/2023\/08\/cropped-cropped-cropped-Logo_CharpMenui_RVB__2_-removebg-preview-1920w.webp","width":1006,"height":248,"caption":"Caen Charpente"},"image":{"@id":"https:\/\/caencharpente.fr\/#\/schema\/logo\/image\/"}}]}},"_links":{"self":[{"href":"https:\/\/caencharpente.fr\/index.php?rest_route=\/wp\/v2\/pages\/34","targetHints":{"allow":["GET"]}}],"collection":[{"href":"https:\/\/caencharpente.fr\/index.php?rest_route=\/wp\/v2\/pages"}],"about":[{"href":"https:\/\/caencharpente.fr\/index.php?rest_route=\/wp\/v2\/types\/page"}],"author":[{"embeddable":true,"href":"https:\/\/caencharpente.fr\/index.php?rest_route=\/wp\/v2\/users\/1"}],"replies":[{"embeddable":true,"href":"https:\/\/caencharpente.fr\/index.php?rest_route=%2Fwp%2Fv2%2Fcomments&post=34"}],"version-history":[{"count":55,"href":"https:\/\/caencharpente.fr\/index.php?rest_route=\/wp\/v2\/pages\/34\/revisions"}],"predecessor-version":[{"id":2039,"href":"https:\/\/caencharpente.fr\/index.php?rest_route=\/wp\/v2\/pages\/34\/revisions\/2039"}],"wp:attachment":[{"href":"https:\/\/caencharpente.fr\/index.php?rest_route=%2Fwp%2Fv2%2Fmedia&parent=34"}],"curies":[{"name":"wp","href":"https:\/\/api.w.org\/{rel}","templated":true}]}}