{"id":521,"date":"2023-09-28T10:41:57","date_gmt":"2023-09-28T08:41:57","guid":{"rendered":"https:\/\/caencharpente.fr\/?page_id=521"},"modified":"2026-02-23T09:39:10","modified_gmt":"2026-02-23T08:39:10","slug":"mentions-legales","status":"publish","type":"page","link":"https:\/\/caencharpente.fr\/?page_id=521","title":{"rendered":"Mentions l\u00e9gales"},"content":{"rendered":"\t\t<div data-elementor-type=\"wp-page\" data-elementor-id=\"521\" class=\"elementor elementor-521\">\n\t\t\t\t\t\t<section class=\"elementor-section elementor-top-section elementor-element elementor-element-15f68bf elementor-section-boxed elementor-section-height-default elementor-section-height-default\" data-id=\"15f68bf\" data-element_type=\"section\" data-e-type=\"section\">\n\t\t\t\t\t\t<div class=\"elementor-container elementor-column-gap-default\">\n\t\t\t\t\t<div class=\"elementor-column elementor-col-100 elementor-top-column elementor-element elementor-element-8bf6c56\" data-id=\"8bf6c56\" data-element_type=\"column\" data-e-type=\"column\">\n\t\t\t<div class=\"elementor-widget-wrap elementor-element-populated\">\n\t\t\t\t\t\t<div class=\"elementor-element elementor-element-abff18a elementor-widget elementor-widget-heading\" data-id=\"abff18a\" data-element_type=\"widget\" data-e-type=\"widget\" data-widget_type=\"heading.default\">\n\t\t\t\t<div class=\"elementor-widget-container\">\n\t\t\t\t\t<h2 class=\"elementor-heading-title elementor-size-default\">Mentions l\u00e9gales du site Caen Charpente<\/h2>\t\t\t\t<\/div>\n\t\t\t\t<\/div>\n\t\t\t\t\t<\/div>\n\t\t<\/div>\n\t\t\t\t\t<\/div>\n\t\t<\/section>\n\t\t\t\t<section class=\"elementor-section elementor-top-section elementor-element elementor-element-dcc6f28 elementor-section-boxed elementor-section-height-default elementor-section-height-default\" data-id=\"dcc6f28\" data-element_type=\"section\" data-e-type=\"section\">\n\t\t\t\t\t\t<div class=\"elementor-container elementor-column-gap-default\">\n\t\t\t\t\t<div class=\"elementor-column elementor-col-100 elementor-top-column elementor-element elementor-element-667e1fd\" data-id=\"667e1fd\" data-element_type=\"column\" data-e-type=\"column\">\n\t\t\t<div class=\"elementor-widget-wrap elementor-element-populated\">\n\t\t\t\t\t\t<div class=\"elementor-element elementor-element-f7d0ac0 elementor-widget elementor-widget-text-editor\" data-id=\"f7d0ac0\" data-element_type=\"widget\" data-e-type=\"widget\" data-widget_type=\"text-editor.default\">\n\t\t\t\t<div class=\"elementor-widget-container\">\n\t\t\t\t\t\t\t\t\t<div id=\"1257672422\" class=\"dmRespRow u_1257672422\"><div id=\"1376237804\" class=\"dmRespColsWrapper\"><div id=\"1016693632\" class=\"u_1016693632 dmRespCol small-12 large-3 medium-3\"><div id=\"1423405788\" class=\"u_1423405788 dmNewParagraph\"><b>Ce site est \u00e9dit\u00e9 par :<\/b><\/div><\/div><div id=\"1780610849\" class=\"u_1780610849 dmRespCol small-12 large-9 medium-9\"><div id=\"1107887731\" class=\"u_1107887731 dmNewParagraph\" data-binding=\"W3siYmluZGluZ05hbWUiOiJ0ZXh0IiwidmFsdWUiOiJzaXRlX3RleHQuenpfYWFfYWEgcmFpc29uIHNvY2lhbGUifV0=\" data-diy-text=\"\"><p class=\"rteBlock\">Caen CHARPENTE<\/p><\/div><\/div><\/div><\/div><div id=\"1861219476\" class=\"dmRespRow u_1861219476\"><div id=\"1850989459\" class=\"dmRespColsWrapper\"><div id=\"1480906516\" class=\"u_1480906516 dmRespCol small-12 large-3 medium-3\"><div id=\"1126385236\" class=\"u_1126385236 dmNewParagraph\"><b>Capital :<\/b><\/div><\/div><div id=\"1114328624\" class=\"u_1114328624 dmRespCol small-12 large-9 medium-9\"><div id=\"1989486913\" class=\"u_1989486913 dmNewParagraph\" data-binding=\"W3siYmluZGluZ05hbWUiOiJ0ZXh0IiwidmFsdWUiOiJzaXRlX3RleHQuenpfYWFfYWIgY2FwaXRhbCJ9XQ==\" data-diy-text=\"\"><p class=\"rteBlock\">7622,45\u20ac<\/p><\/div><\/div><\/div><\/div><div id=\"1711075756\" class=\"dmRespRow u_1711075756\"><div id=\"1604973112\" class=\"dmRespColsWrapper\"><div id=\"1469483994\" class=\"u_1469483994 dmRespCol small-12 large-3 medium-3\"><div id=\"1402235041\" class=\"u_1402235041 dmNewParagraph\"><b>Adresse :<\/b><\/div><\/div><div id=\"1329299612\" class=\"u_1329299612 dmRespCol small-12 large-9 medium-9\"><div id=\"1752544990\" class=\"u_1752544990 dmNewParagraph\" data-binding=\"W3siYmluZGluZ05hbWUiOiJ0ZXh0IiwidmFsdWUiOiJzaXRlX3RleHQuenpfYWFfYWMgYWRyZXNzZSJ9XQ==\" data-diy-text=\"\"><p class=\"rteBlock\">7 rue M\u00e9saise 14860 AMFREVILLE FRANCE<\/p><\/div><\/div><\/div><\/div><div id=\"1970372342\" class=\"dmRespRow u_1970372342\"><div id=\"1927541615\" class=\"dmRespColsWrapper\"><div id=\"1766217320\" class=\"u_1766217320 dmRespCol small-12 large-3 medium-3\"><div id=\"1580539764\" class=\"u_1580539764 dmNewParagraph\"><b>Adresse \u00e9lectronique :<\/b><\/div><\/div><div id=\"1873408001\" class=\"u_1873408001 dmRespCol small-12 large-9 medium-9\"><div id=\"1248666281\" class=\"u_1248666281 dmNewParagraph\" data-binding=\"W3siYmluZGluZ05hbWUiOiJ0ZXh0IiwidmFsdWUiOiJzaXRlX3RleHQuenpfYWFfYWQgYWRyZXNzZSDDqWxlY3Ryb25pcXVlIn1d\" data-diy-text=\"\"><p class=\"rteBlock\">contact@caencharpente.fr<\/p><\/div><\/div><\/div><\/div><div id=\"1491116293\" class=\"dmRespRow u_1491116293\"><div id=\"1882056695\" class=\"dmRespColsWrapper\"><div id=\"1614881158\" class=\"u_1614881158 dmRespCol small-12 large-3 medium-3\"><div id=\"1846150805\" class=\"u_1846150805 dmNewParagraph\"><b>T\u00e9l\u00e9phone :<\/b><\/div><\/div><div id=\"1776343131\" class=\"u_1776343131 dmRespCol small-12 large-9 medium-9\"><div id=\"1624358553\" class=\"u_1624358553 dmNewParagraph\" data-binding=\"W3siYmluZGluZ05hbWUiOiJ0ZXh0IiwidmFsdWUiOiJzaXRlX3RleHQuenpfYWFfYWUgdMOpbMOpcGhvbmUifV0=\" data-diy-text=\"\"><p class=\"rteBlock\">02 31 78 72 78<\/p><\/div><\/div><\/div><\/div><div id=\"1182083342\" class=\"dmRespRow u_1182083342\"><div id=\"1085169418\" class=\"dmRespColsWrapper\"><div id=\"1729049023\" class=\"u_1729049023 dmRespCol small-12 large-3 medium-3\"><div id=\"1776179412\" class=\"u_1776179412 dmNewParagraph\"><b>N\u00b0 Registre du Commerce ou R\u00e9pertoire des m\u00e9tiers :<\/b><\/div><\/div><div id=\"1267035416\" class=\"u_1267035416 dmRespCol small-12 large-9 medium-9 content-removed\">340 911 973 R.C.S. Caen<\/div><div>\u00a0<\/div><\/div><\/div><div id=\"1478562139\" class=\"dmRespRow u_1478562139\"><div id=\"1452837928\" class=\"dmRespColsWrapper\"><div id=\"1671451466\" class=\"u_1671451466 dmRespCol small-12 large-3 medium-3\"><div id=\"1175637459\" class=\"u_1175637459 dmNewParagraph\"><b>N\u00b0 SIRET de l\u2019\u00e9tablissement :<\/b><\/div><\/div><div id=\"1337975988\" class=\"u_1337975988 dmRespCol small-12 large-9 medium-9\"><div id=\"1970542102\" class=\"u_1970542102 dmNewParagraph\" data-binding=\"W3siYmluZGluZ05hbWUiOiJ0ZXh0IiwidmFsdWUiOiJzaXRlX3RleHQuenpfYWFfYWcgbsKwIHNpcmV0IGRlIGzigJnDqXRhYmxpc3NlbWVudCJ9XQ==\" data-diy-text=\"\"><p class=\"rteBlock\">34091197300014<\/p><\/div><\/div><\/div><\/div><div id=\"1702520397\" class=\"dmRespRow u_1702520397\"><div id=\"1204820992\" class=\"dmRespColsWrapper\"><div id=\"1516884727\" class=\"u_1516884727 dmRespCol small-12 large-3 medium-3\"><div id=\"1919665275\" class=\"u_1919665275 dmNewParagraph\"><b>N\u00b0 d\u2019assujettissement \u00e0 la TVA :<\/b><\/div><\/div><div id=\"1063261636\" class=\"u_1063261636 dmRespCol small-12 large-9 medium-9\"><div id=\"1214917848\" class=\"u_1214917848 dmNewParagraph\" data-binding=\"W3siYmluZGluZ05hbWUiOiJ0ZXh0IiwidmFsdWUiOiJzaXRlX3RleHQuenpfYWFfYWggbsKwIGTigJlhc3N1amV0dGlzc2VtZW50IMOgIGxhIHR2YSJ9XQ==\" data-diy-text=\"\"><p class=\"rteBlock\">FR38340911973<\/p><\/div><\/div><\/div><\/div><div id=\"1816786906\" class=\"dmRespRow u_1816786906\"><div id=\"1838552232\" class=\"dmRespColsWrapper\"><div id=\"1300761904\" class=\"u_1300761904 dmRespCol small-12 large-3 medium-3\"><div id=\"1686841832\" class=\"u_1686841832 dmNewParagraph\"><b>Directeur de r\u00e9daction et de publication :<\/b><\/div><\/div><div id=\"1114756443\" class=\"u_1114756443 dmRespCol small-12 large-9 medium-9\"><div id=\"1876656426\" class=\"u_1876656426 dmNewParagraph\" data-binding=\"W3siYmluZGluZ05hbWUiOiJ0ZXh0IiwidmFsdWUiOiJzaXRlX3RleHQuZGlyZWN0ZXVyIGRlIHB1YmxpY2F0aW9uIn1d\" data-diy-text=\"\"><p class=\"rteBlock\">Monsieur CAUCHI Ludovic<\/p><\/div><\/div><\/div><\/div>\t\t\t\t\t\t\t\t<\/div>\n\t\t\t\t<\/div>\n\t\t\t\t\t<\/div>\n\t\t<\/div>\n\t\t\t\t\t<\/div>\n\t\t<\/section>\n\t\t\t\t<\/div>\n\t\t","protected":false},"excerpt":{"rendered":"<p>Mentions l\u00e9gales du site Caen Charpente Ce site est \u00e9dit\u00e9 par : Caen CHARPENTE Capital : 7622,45\u20ac Adresse : 7 rue M\u00e9saise 14860 AMFREVILLE FRANCE Adresse \u00e9lectronique : contact@caencharpente.fr T\u00e9l\u00e9phone : 02 31 78 72 78 N\u00b0 Registre du Commerce ou R\u00e9pertoire des m\u00e9tiers :340 911 973 R.C.S. Caen\u00a0N\u00b0 SIRET de l\u2019\u00e9tablissement : 34091197300014 N\u00b0 [&hellip;]<\/p>\n","protected":false},"author":1,"featured_media":0,"parent":0,"menu_order":0,"comment_status":"closed","ping_status":"closed","template":"","meta":{"ocean_post_layout":"","ocean_both_sidebars_style":"","ocean_both_sidebars_content_width":0,"ocean_both_sidebars_sidebars_width":0,"ocean_sidebar":"","ocean_second_sidebar":"","ocean_disable_margins":"enable","ocean_add_body_class":"","ocean_shortcode_before_top_bar":"","ocean_shortcode_after_top_bar":"","ocean_shortcode_before_header":"","ocean_shortcode_after_header":"","ocean_has_shortcode":"","ocean_shortcode_after_title":"","ocean_shortcode_before_footer_widgets":"","ocean_shortcode_after_footer_widgets":"","ocean_shortcode_before_footer_bottom":"","ocean_shortcode_after_footer_bottom":"","ocean_display_top_bar":"default","ocean_display_header":"default","ocean_header_style":"","ocean_center_header_left_menu":"","ocean_custom_header_template":"","ocean_custom_logo":0,"ocean_custom_retina_logo":0,"ocean_custom_logo_max_width":0,"ocean_custom_logo_tablet_max_width":0,"ocean_custom_logo_mobile_max_width":0,"ocean_custom_logo_max_height":0,"ocean_custom_logo_tablet_max_height":0,"ocean_custom_logo_mobile_max_height":0,"ocean_header_custom_menu":"","ocean_menu_typo_font_family":"","ocean_menu_typo_font_subset":"","ocean_menu_typo_font_size":0,"ocean_menu_typo_font_size_tablet":0,"ocean_menu_typo_font_size_mobile":0,"ocean_menu_typo_font_size_unit":"px","ocean_menu_typo_font_weight":"","ocean_menu_typo_font_weight_tablet":"","ocean_menu_typo_font_weight_mobile":"","ocean_menu_typo_transform":"","ocean_menu_typo_transform_tablet":"","ocean_menu_typo_transform_mobile":"","ocean_menu_typo_line_height":0,"ocean_menu_typo_line_height_tablet":0,"ocean_menu_typo_line_height_mobile":0,"ocean_menu_typo_line_height_unit":"","ocean_menu_typo_spacing":0,"ocean_menu_typo_spacing_tablet":0,"ocean_menu_typo_spacing_mobile":0,"ocean_menu_typo_spacing_unit":"","ocean_menu_link_color":"","ocean_menu_link_color_hover":"","ocean_menu_link_color_active":"","ocean_menu_link_background":"","ocean_menu_link_hover_background":"","ocean_menu_link_active_background":"","ocean_menu_social_links_bg":"","ocean_menu_social_hover_links_bg":"","ocean_menu_social_links_color":"","ocean_menu_social_hover_links_color":"","ocean_disable_title":"default","ocean_disable_heading":"default","ocean_post_title":"","ocean_post_subheading":"","ocean_post_title_style":"","ocean_post_title_background_color":"","ocean_post_title_background":0,"ocean_post_title_bg_image_position":"","ocean_post_title_bg_image_attachment":"","ocean_post_title_bg_image_repeat":"","ocean_post_title_bg_image_size":"","ocean_post_title_height":0,"ocean_post_title_bg_overlay":0.5,"ocean_post_title_bg_overlay_color":"","ocean_disable_breadcrumbs":"default","ocean_breadcrumbs_color":"","ocean_breadcrumbs_separator_color":"","ocean_breadcrumbs_links_color":"","ocean_breadcrumbs_links_hover_color":"","ocean_display_footer_widgets":"default","ocean_display_footer_bottom":"default","ocean_custom_footer_template":"","footnotes":""},"class_list":["post-521","page","type-page","status-publish","hentry","entry"],"yoast_head":"<!-- This site is optimized with the Yoast SEO plugin v27.0 - https:\/\/yoast.com\/product\/yoast-seo-wordpress\/ -->\n<title>Mentions l\u00e9gales - Caen Charpente<\/title>\n<meta name=\"robots\" content=\"index, follow, max-snippet:-1, max-image-preview:large, max-video-preview:-1\" \/>\n<link rel=\"canonical\" href=\"https:\/\/caencharpente.fr\/?page_id=521\" \/>\n<meta property=\"og:locale\" content=\"fr_FR\" \/>\n<meta property=\"og:type\" content=\"article\" \/>\n<meta property=\"og:title\" content=\"Mentions l\u00e9gales - Caen Charpente\" \/>\n<meta property=\"og:description\" content=\"Mentions l\u00e9gales du site Caen Charpente Ce site est \u00e9dit\u00e9 par : Caen CHARPENTE Capital : 7622,45\u20ac Adresse : 7 rue M\u00e9saise 14860 AMFREVILLE FRANCE Adresse \u00e9lectronique : contact@caencharpente.fr T\u00e9l\u00e9phone : 02 31 78 72 78 N\u00b0 Registre du Commerce ou R\u00e9pertoire des m\u00e9tiers :340 911 973 R.C.S. Caen\u00a0N\u00b0 SIRET de l\u2019\u00e9tablissement : 34091197300014 N\u00b0 [&hellip;]\" \/>\n<meta property=\"og:url\" content=\"https:\/\/caencharpente.fr\/?page_id=521\" \/>\n<meta property=\"og:site_name\" content=\"Caen Charpente\" \/>\n<meta property=\"article:modified_time\" content=\"2026-02-23T08:39:10+00:00\" \/>\n<meta name=\"twitter:card\" content=\"summary_large_image\" \/>\n<meta name=\"twitter:label1\" content=\"Dur\u00e9e de lecture estim\u00e9e\" \/>\n\t<meta name=\"twitter:data1\" content=\"1 minute\" \/>\n<script type=\"application\/ld+json\" class=\"yoast-schema-graph\">{\"@context\":\"https:\/\/schema.org\",\"@graph\":[{\"@type\":\"WebPage\",\"@id\":\"https:\/\/caencharpente.fr\/?page_id=521\",\"url\":\"https:\/\/caencharpente.fr\/?page_id=521\",\"name\":\"Mentions l\u00e9gales - Caen Charpente\",\"isPartOf\":{\"@id\":\"https:\/\/caencharpente.fr\/#website\"},\"datePublished\":\"2023-09-28T08:41:57+00:00\",\"dateModified\":\"2026-02-23T08:39:10+00:00\",\"breadcrumb\":{\"@id\":\"https:\/\/caencharpente.fr\/?page_id=521#breadcrumb\"},\"inLanguage\":\"fr-FR\",\"potentialAction\":[{\"@type\":\"ReadAction\",\"target\":[\"https:\/\/caencharpente.fr\/?page_id=521\"]}]},{\"@type\":\"BreadcrumbList\",\"@id\":\"https:\/\/caencharpente.fr\/?page_id=521#breadcrumb\",\"itemListElement\":[{\"@type\":\"ListItem\",\"position\":1,\"name\":\"Accueil\",\"item\":\"https:\/\/caencharpente.fr\/\"},{\"@type\":\"ListItem\",\"position\":2,\"name\":\"Mentions l\u00e9gales\"}]},{\"@type\":\"WebSite\",\"@id\":\"https:\/\/caencharpente.fr\/#website\",\"url\":\"https:\/\/caencharpente.fr\/\",\"name\":\"Caen Charpente\",\"description\":\"\",\"publisher\":{\"@id\":\"https:\/\/caencharpente.fr\/#organization\"},\"potentialAction\":[{\"@type\":\"SearchAction\",\"target\":{\"@type\":\"EntryPoint\",\"urlTemplate\":\"https:\/\/caencharpente.fr\/?s={search_term_string}\"},\"query-input\":{\"@type\":\"PropertyValueSpecification\",\"valueRequired\":true,\"valueName\":\"search_term_string\"}}],\"inLanguage\":\"fr-FR\"},{\"@type\":\"Organization\",\"@id\":\"https:\/\/caencharpente.fr\/#organization\",\"name\":\"Caen Charpente\",\"url\":\"https:\/\/caencharpente.fr\/\",\"logo\":{\"@type\":\"ImageObject\",\"inLanguage\":\"fr-FR\",\"@id\":\"https:\/\/caencharpente.fr\/#\/schema\/logo\/image\/\",\"url\":\"https:\/\/caencharpente.fr\/wp-content\/uploads\/2023\/08\/cropped-cropped-cropped-Logo_CharpMenui_RVB__2_-removebg-preview-1920w.webp\",\"contentUrl\":\"https:\/\/caencharpente.fr\/wp-content\/uploads\/2023\/08\/cropped-cropped-cropped-Logo_CharpMenui_RVB__2_-removebg-preview-1920w.webp\",\"width\":1006,\"height\":248,\"caption\":\"Caen Charpente\"},\"image\":{\"@id\":\"https:\/\/caencharpente.fr\/#\/schema\/logo\/image\/\"}}]}<\/script>\n<!-- \/ Yoast SEO plugin. -->","yoast_head_json":{"title":"Mentions l\u00e9gales - Caen Charpente","robots":{"index":"index","follow":"follow","max-snippet":"max-snippet:-1","max-image-preview":"max-image-preview:large","max-video-preview":"max-video-preview:-1"},"canonical":"https:\/\/caencharpente.fr\/?page_id=521","og_locale":"fr_FR","og_type":"article","og_title":"Mentions l\u00e9gales - Caen Charpente","og_description":"Mentions l\u00e9gales du site Caen Charpente Ce site est \u00e9dit\u00e9 par : Caen CHARPENTE Capital : 7622,45\u20ac Adresse : 7 rue M\u00e9saise 14860 AMFREVILLE FRANCE Adresse \u00e9lectronique : contact@caencharpente.fr T\u00e9l\u00e9phone : 02 31 78 72 78 N\u00b0 Registre du Commerce ou R\u00e9pertoire des m\u00e9tiers :340 911 973 R.C.S. Caen\u00a0N\u00b0 SIRET de l\u2019\u00e9tablissement : 34091197300014 N\u00b0 [&hellip;]","og_url":"https:\/\/caencharpente.fr\/?page_id=521","og_site_name":"Caen Charpente","article_modified_time":"2026-02-23T08:39:10+00:00","twitter_card":"summary_large_image","twitter_misc":{"Dur\u00e9e de lecture estim\u00e9e":"1 minute"},"schema":{"@context":"https:\/\/schema.org","@graph":[{"@type":"WebPage","@id":"https:\/\/caencharpente.fr\/?page_id=521","url":"https:\/\/caencharpente.fr\/?page_id=521","name":"Mentions l\u00e9gales - Caen Charpente","isPartOf":{"@id":"https:\/\/caencharpente.fr\/#website"},"datePublished":"2023-09-28T08:41:57+00:00","dateModified":"2026-02-23T08:39:10+00:00","breadcrumb":{"@id":"https:\/\/caencharpente.fr\/?page_id=521#breadcrumb"},"inLanguage":"fr-FR","potentialAction":[{"@type":"ReadAction","target":["https:\/\/caencharpente.fr\/?page_id=521"]}]},{"@type":"BreadcrumbList","@id":"https:\/\/caencharpente.fr\/?page_id=521#breadcrumb","itemListElement":[{"@type":"ListItem","position":1,"name":"Accueil","item":"https:\/\/caencharpente.fr\/"},{"@type":"ListItem","position":2,"name":"Mentions l\u00e9gales"}]},{"@type":"WebSite","@id":"https:\/\/caencharpente.fr\/#website","url":"https:\/\/caencharpente.fr\/","name":"Caen Charpente","description":"","publisher":{"@id":"https:\/\/caencharpente.fr\/#organization"},"potentialAction":[{"@type":"SearchAction","target":{"@type":"EntryPoint","urlTemplate":"https:\/\/caencharpente.fr\/?s={search_term_string}"},"query-input":{"@type":"PropertyValueSpecification","valueRequired":true,"valueName":"search_term_string"}}],"inLanguage":"fr-FR"},{"@type":"Organization","@id":"https:\/\/caencharpente.fr\/#organization","name":"Caen Charpente","url":"https:\/\/caencharpente.fr\/","logo":{"@type":"ImageObject","inLanguage":"fr-FR","@id":"https:\/\/caencharpente.fr\/#\/schema\/logo\/image\/","url":"https:\/\/caencharpente.fr\/wp-content\/uploads\/2023\/08\/cropped-cropped-cropped-Logo_CharpMenui_RVB__2_-removebg-preview-1920w.webp","contentUrl":"https:\/\/caencharpente.fr\/wp-content\/uploads\/2023\/08\/cropped-cropped-cropped-Logo_CharpMenui_RVB__2_-removebg-preview-1920w.webp","width":1006,"height":248,"caption":"Caen Charpente"},"image":{"@id":"https:\/\/caencharpente.fr\/#\/schema\/logo\/image\/"}}]}},"_links":{"self":[{"href":"https:\/\/caencharpente.fr\/index.php?rest_route=\/wp\/v2\/pages\/521","targetHints":{"allow":["GET"]}}],"collection":[{"href":"https:\/\/caencharpente.fr\/index.php?rest_route=\/wp\/v2\/pages"}],"about":[{"href":"https:\/\/caencharpente.fr\/index.php?rest_route=\/wp\/v2\/types\/page"}],"author":[{"embeddable":true,"href":"https:\/\/caencharpente.fr\/index.php?rest_route=\/wp\/v2\/users\/1"}],"replies":[{"embeddable":true,"href":"https:\/\/caencharpente.fr\/index.php?rest_route=%2Fwp%2Fv2%2Fcomments&post=521"}],"version-history":[{"count":16,"href":"https:\/\/caencharpente.fr\/index.php?rest_route=\/wp\/v2\/pages\/521\/revisions"}],"predecessor-version":[{"id":2214,"href":"https:\/\/caencharpente.fr\/index.php?rest_route=\/wp\/v2\/pages\/521\/revisions\/2214"}],"wp:attachment":[{"href":"https:\/\/caencharpente.fr\/index.php?rest_route=%2Fwp%2Fv2%2Fmedia&parent=521"}],"curies":[{"name":"wp","href":"https:\/\/api.w.org\/{rel}","templated":true}]}}