{"id":648,"date":"2023-10-03T10:25:03","date_gmt":"2023-10-03T08:25:03","guid":{"rendered":"https:\/\/caencharpente.fr\/?page_id=648"},"modified":"2026-02-23T09:39:25","modified_gmt":"2026-02-23T08:39:25","slug":"infos-cookies-2","status":"publish","type":"page","link":"https:\/\/caencharpente.fr\/?page_id=648","title":{"rendered":"Infos Cookies"},"content":{"rendered":"\t\t<div data-elementor-type=\"wp-page\" data-elementor-id=\"648\" class=\"elementor elementor-648\">\n\t\t\t\t\t\t<section class=\"elementor-section elementor-top-section elementor-element elementor-element-f3c2f2b elementor-section-boxed elementor-section-height-default elementor-section-height-default\" data-id=\"f3c2f2b\" data-element_type=\"section\" data-e-type=\"section\">\n\t\t\t\t\t\t<div class=\"elementor-container elementor-column-gap-default\">\n\t\t\t\t\t<div class=\"elementor-column elementor-col-100 elementor-top-column elementor-element elementor-element-a614d6c\" data-id=\"a614d6c\" data-element_type=\"column\" data-e-type=\"column\">\n\t\t\t<div class=\"elementor-widget-wrap elementor-element-populated\">\n\t\t\t\t\t\t<div class=\"elementor-element elementor-element-740725f elementor-widget elementor-widget-heading\" data-id=\"740725f\" data-element_type=\"widget\" data-e-type=\"widget\" data-widget_type=\"heading.default\">\n\t\t\t\t<div class=\"elementor-widget-container\">\n\t\t\t\t\t<h2 class=\"elementor-heading-title elementor-size-default\">Cookies du site Caen Charpente<\/h2>\t\t\t\t<\/div>\n\t\t\t\t<\/div>\n\t\t\t\t\t<\/div>\n\t\t<\/div>\n\t\t\t\t\t<\/div>\n\t\t<\/section>\n\t\t\t\t<section class=\"elementor-section elementor-top-section elementor-element elementor-element-b4d4efb elementor-section-boxed elementor-section-height-default elementor-section-height-default\" data-id=\"b4d4efb\" data-element_type=\"section\" data-e-type=\"section\">\n\t\t\t\t\t\t<div class=\"elementor-container elementor-column-gap-default\">\n\t\t\t\t\t<div class=\"elementor-column elementor-col-100 elementor-top-column elementor-element elementor-element-0ed12d4\" data-id=\"0ed12d4\" data-element_type=\"column\" data-e-type=\"column\">\n\t\t\t<div class=\"elementor-widget-wrap elementor-element-populated\">\n\t\t\t\t\t\t<div class=\"elementor-element elementor-element-f7bd682 elementor-widget elementor-widget-text-editor\" data-id=\"f7bd682\" data-element_type=\"widget\" data-e-type=\"widget\" data-widget_type=\"text-editor.default\">\n\t\t\t\t<div class=\"elementor-widget-container\">\n\t\t\t\t\t\t\t\t\t<div id=\"1851326287\" class=\"u_1851326287 widget-422469 dmCustomWidget\" data-lazy-load=\"\" data-title=\"\" data-element-type=\"custom_extension\" data-widget-id=\"42246978f3a2494189f223c2a1a80a14\" data-widget-version=\"54\" data-widget-config=\"e30=\" data-widget-initialized=\"\"><div class=\"bloc pj-custom-margin\" lang=\"fr\"><h2>Cookies essentiels.<\/h2><p>Ils sont strictement n\u00e9cessaires \u00e0 l\u2019utilisation du service et permettent l\u2019utilisation des principales fonctionnalit\u00e9s du site, comme le cas \u00e9ch\u00e9ant l\u2019acc\u00e8s \u00e0 votre compte personnel, ou encore de m\u00e9moriser les pr\u00e9f\u00e9rences d&rsquo;affichage de votre terminal (langue, param\u00e8tres d&rsquo;affichage) et d&rsquo;en tenir compte lors de vos visites, selon la charte graphique et les logiciels de visualisation ou de lecture de votre terminal. Ils peuvent inclure des cookies de r\u00e9seaux sociaux lorsque vous interagissez avec ces derniers. Ils nous permettent aussi de lier entre elles les diff\u00e9rentes pages consult\u00e9es pour vous assurer une navigation fluide.<\/p><p class=\"param\">Pour param\u00e9trer :<\/p><div id=\"parametrer1\" class=\"parametrer\"><p>Vous pouvez d\u00e9sactiver compl\u00e8tement les cookies dans votre navigateur. Dans ce cas notre site ne fonctionnera plus normalement mais vous pourrez quand m\u00eame effectuer des actions basiques.<\/p><p><u>1\/ si vous utilisez le navigateur Internet Explorer<\/u><\/p><ul><li>Dans Internet Explorer, cliquez sur le bouton \u00ab Outils \u00bb, puis sur \u00ab Options Internet \u00bb.<\/li><li>Sous l\u2019onglet Confidentialit\u00e9 d\u00e9placez le curseur vers le haut pour bloquer tous les cookies ou vers le bas pour autoriser tous les cookies, puis cliquez sur OK.<\/li><\/ul><p><u>2\/ si vous utilisez le navigateur Firefox<\/u><\/p><ul><li>Allez dans le menu \u00ab Outils \u00bb du navigateur puis s\u00e9lectionnez le menu \u00ab Options \u00bb<\/li><li>Cliquez sur l\u2019onglet \u00ab vie priv\u00e9e \u00bb, d\u00e9cochez la case \u00ab Accepter les cookies \u00bb puis cliquez sur OK.<\/li><\/ul><p><u>3\/ si vous utilisez le navigateur Safari<\/u><\/p><ul><li>Dans votre navigateur, choisissez le menu \u00ab \u00c9dition \u00bb puis s\u00e9lectionnez \u00ab Pr\u00e9f\u00e9rences \u00bb.<\/li><li>Cliquez sur \u00ab Confidentialit\u00e9 \u00bb.<\/li><li>Positionnez le r\u00e9glage \u00ab Bloquer les cookies \u00bb sur \u00ab Toujours \u00bb puis cliquez sur OK.<\/li><\/ul><p><u>4\/ si vous utilisez le navigateur Google Chrome<\/u><\/p><ul><li>Cliquez sur le menu Chrome dans la barre d&rsquo;outils du navigateur.<\/li><li>S\u00e9lectionnez \u00ab Param\u00e8tres \u00bb.<\/li><li>Cliquez sur \u00ab Afficher les param\u00e8tres avanc\u00e9s \u00bb.<\/li><li>Dans la section \u00ab Confidentialit\u00e9 \u00bb, cliquez sur le bouton \u00ab Param\u00e8tres de contenu \u00bb.<\/li><li>Dans la section \u00ab Cookies \u00bb, s\u00e9lectionnez \u00ab Interdire \u00e0 tous les sites de stocker des donn\u00e9es \u00bb et cochez la case \u00ab Bloquer les cookies et les donn\u00e9es de site tiers \u00bb, puis cliquez sur OK.<\/li><\/ul><\/div><div class=\"bloc\"><h2>Cookies fonctionnels de mesure d\u2019audience et de statistiques.<\/h2><p>Ils nous permettent de faire vivre le site et d\u2019\u00e9tablir des statistiques et comptages de fr\u00e9quentation et d&rsquo;utilisation de ses rubriques et contenus, pour r\u00e9aliser des \u00e9tudes afin d\u2019am\u00e9liorer le contenu (mesure du nombre de visites, de pages vues ou encore de l&rsquo;activit\u00e9 des visiteurs sur le site et de leur fr\u00e9quence de retour). Ils nous permettent \u00e9galement d\u2019analyser la navigation des internautes afin d\u2019am\u00e9liorer notre service ou de d\u00e9tecter des dysfonctionnements.<\/p><p>Nous d\u00e9posons \u00e9galement des cookies de mesure d\u2019audience exempt\u00e9s de consentement gr\u00e2ce \u00e0 notre outil de mesure d\u2019audience AT Internet. Les donn\u00e9es collect\u00e9es dans ce cadre ne permettent pas de suivre votre navigation sur d\u2019autres sites tiers.<\/p><\/div><div class=\"bloc\"><h2>Cookies de commercialisation.<\/h2><p>Ils sont susceptibles d\u2019\u00eatre plac\u00e9s dans votre terminal, afin d\u2019identifier vos centres d\u2019int\u00e9r\u00eat au travers des produits consult\u00e9s sur notre site et de collecter des donn\u00e9es de navigation afin de personnaliser l\u2019offre publicitaire qui vous est adress\u00e9e sur et en dehors de nos sites.<\/p><p>Vous pouvez vous opposer \u00e0 l\u2019usage de vos donn\u00e9es de navigation \u00e0 des fins publicitaires par nos partenaires<\/p><div id=\"parametrer3\" class=\"parametrer\"><p>Vous pouvez \u00e9galement vous opposer \u00e0 tous les cookies tiers depuis votre navigateur :<\/p><p><u>1\/ si vous utilisez le navigateur Internet Explorer<\/u><\/p><ul><li>Dans Internet Explorer, cliquez sur le bouton \u00ab Outils \u00bb, puis sur \u00ab Options Internet \u00bb.<\/li><li>Sous l\u2019onglet Confidentialit\u00e9, sous Cookies, activez l\u2019option Bloquer tous les cookies tiers, puis cliquez sur OK.<\/li><\/ul><p><u>2\/ si vous utilisez le navigateur Firefox<\/u><\/p><ul><li>Allez dans le menu \u00ab Outils \u00bb du navigateur puis s\u00e9lectionnez \u00ab Options \u00bb<\/li><li>Cliquez sur l\u2019onglet \u00ab vie priv\u00e9e \u00bb, passez le param\u00e8tre \u00ab Accepter les cookies tiers \u00bb \u00e0 \u00ab jamais \u00bb, puis cliquez sur OK.<\/li><\/ul><p><u>3\/ si vous utilisez le navigateur Safari<\/u><\/p><ul><li>Dans votre navigateur, choisissez le menu \u00ab \u00c9dition \u00bb puis s\u00e9lectionnez \u00ab Pr\u00e9f\u00e9rences \u00bb.<\/li><li>Cliquez sur \u00ab Confidentialit\u00e9 \u00bb.<\/li><li>Positionnez le r\u00e9glage \u00ab Bloquer les cookies sur \u00ab Des tierces parties et des annonceurs \u00bb puis cliquez sur OK.<\/li><\/ul><p><u>4\/ si vous utilisez le navigateur Google Chrome<\/u><\/p><ul><li>Cliquez sur le menu Chrome dans la barre d&rsquo;outils du navigateur.<\/li><li>S\u00e9lectionnez \u00ab Param\u00e8tres \u00bb.<\/li><li>Cliquez sur \u00ab Afficher les param\u00e8tres avanc\u00e9s \u00bb.<\/li><li>Dans la section \u00ab Confidentialit\u00e9 \u00bb, cliquez sur le bouton \u00ab Param\u00e8tres de contenu \u00bb.<\/li><li>Dans la section \u00ab Cookies \u00bb, cochez la case \u00ab Bloquer les cookies et les donn\u00e9es de site tiers \u00bb, puis cliquez sur OK.<\/li><\/ul><p>La CNIL propose par ailleurs sur son site \u00e0 l\u2019adresse\u00a0<a href=\"https:\/\/www.cnil.fr\/\" target=\"_blank\" rel=\"noopener\">https:\/\/www.cnil.fr<\/a>\u00a0un large panel d\u2019outils permettant de limiter la tra\u00e7abilit\u00e9 de votre navigation sur Internet : extensions pour votre navigateur permettant de bloquer les traceurs, les boutons de partage sur les r\u00e9seaux sociaux, le chargement de ressources en provenance d\u2019autres sites\u2026<\/p><\/div><\/div><\/div><\/div>\t\t\t\t\t\t\t\t<\/div>\n\t\t\t\t<\/div>\n\t\t\t\t\t<\/div>\n\t\t<\/div>\n\t\t\t\t\t<\/div>\n\t\t<\/section>\n\t\t\t\t<\/div>\n\t\t","protected":false},"excerpt":{"rendered":"<p>Cookies du site Caen Charpente Cookies essentiels. Ils sont strictement n\u00e9cessaires \u00e0 l\u2019utilisation du service et permettent l\u2019utilisation des principales fonctionnalit\u00e9s du site, comme le cas \u00e9ch\u00e9ant l\u2019acc\u00e8s \u00e0 votre compte personnel, ou encore de m\u00e9moriser les pr\u00e9f\u00e9rences d&rsquo;affichage de votre terminal (langue, param\u00e8tres d&rsquo;affichage) et d&rsquo;en tenir compte lors de vos visites, selon la [&hellip;]<\/p>\n","protected":false},"author":1,"featured_media":0,"parent":0,"menu_order":0,"comment_status":"closed","ping_status":"closed","template":"","meta":{"ocean_post_layout":"","ocean_both_sidebars_style":"","ocean_both_sidebars_content_width":0,"ocean_both_sidebars_sidebars_width":0,"ocean_sidebar":"","ocean_second_sidebar":"","ocean_disable_margins":"enable","ocean_add_body_class":"","ocean_shortcode_before_top_bar":"","ocean_shortcode_after_top_bar":"","ocean_shortcode_before_header":"","ocean_shortcode_after_header":"","ocean_has_shortcode":"","ocean_shortcode_after_title":"","ocean_shortcode_before_footer_widgets":"","ocean_shortcode_after_footer_widgets":"","ocean_shortcode_before_footer_bottom":"","ocean_shortcode_after_footer_bottom":"","ocean_display_top_bar":"default","ocean_display_header":"default","ocean_header_style":"","ocean_center_header_left_menu":"","ocean_custom_header_template":"","ocean_custom_logo":0,"ocean_custom_retina_logo":0,"ocean_custom_logo_max_width":0,"ocean_custom_logo_tablet_max_width":0,"ocean_custom_logo_mobile_max_width":0,"ocean_custom_logo_max_height":0,"ocean_custom_logo_tablet_max_height":0,"ocean_custom_logo_mobile_max_height":0,"ocean_header_custom_menu":"","ocean_menu_typo_font_family":"","ocean_menu_typo_font_subset":"","ocean_menu_typo_font_size":0,"ocean_menu_typo_font_size_tablet":0,"ocean_menu_typo_font_size_mobile":0,"ocean_menu_typo_font_size_unit":"px","ocean_menu_typo_font_weight":"","ocean_menu_typo_font_weight_tablet":"","ocean_menu_typo_font_weight_mobile":"","ocean_menu_typo_transform":"","ocean_menu_typo_transform_tablet":"","ocean_menu_typo_transform_mobile":"","ocean_menu_typo_line_height":0,"ocean_menu_typo_line_height_tablet":0,"ocean_menu_typo_line_height_mobile":0,"ocean_menu_typo_line_height_unit":"","ocean_menu_typo_spacing":0,"ocean_menu_typo_spacing_tablet":0,"ocean_menu_typo_spacing_mobile":0,"ocean_menu_typo_spacing_unit":"","ocean_menu_link_color":"","ocean_menu_link_color_hover":"","ocean_menu_link_color_active":"","ocean_menu_link_background":"","ocean_menu_link_hover_background":"","ocean_menu_link_active_background":"","ocean_menu_social_links_bg":"","ocean_menu_social_hover_links_bg":"","ocean_menu_social_links_color":"","ocean_menu_social_hover_links_color":"","ocean_disable_title":"default","ocean_disable_heading":"default","ocean_post_title":"","ocean_post_subheading":"","ocean_post_title_style":"","ocean_post_title_background_color":"","ocean_post_title_background":0,"ocean_post_title_bg_image_position":"","ocean_post_title_bg_image_attachment":"","ocean_post_title_bg_image_repeat":"","ocean_post_title_bg_image_size":"","ocean_post_title_height":0,"ocean_post_title_bg_overlay":0.5,"ocean_post_title_bg_overlay_color":"","ocean_disable_breadcrumbs":"default","ocean_breadcrumbs_color":"","ocean_breadcrumbs_separator_color":"","ocean_breadcrumbs_links_color":"","ocean_breadcrumbs_links_hover_color":"","ocean_display_footer_widgets":"default","ocean_display_footer_bottom":"default","ocean_custom_footer_template":"","footnotes":""},"class_list":["post-648","page","type-page","status-publish","hentry","entry"],"yoast_head":"<!-- This site is optimized with the Yoast SEO plugin v27.0 - https:\/\/yoast.com\/product\/yoast-seo-wordpress\/ -->\n<title>Infos Cookies - Caen Charpente<\/title>\n<meta name=\"robots\" content=\"index, follow, max-snippet:-1, max-image-preview:large, max-video-preview:-1\" \/>\n<link rel=\"canonical\" href=\"https:\/\/caencharpente.fr\/?page_id=648\" \/>\n<meta property=\"og:locale\" content=\"fr_FR\" \/>\n<meta property=\"og:type\" content=\"article\" \/>\n<meta property=\"og:title\" content=\"Infos Cookies - Caen Charpente\" \/>\n<meta property=\"og:description\" content=\"Cookies du site Caen Charpente Cookies essentiels. Ils sont strictement n\u00e9cessaires \u00e0 l\u2019utilisation du service et permettent l\u2019utilisation des principales fonctionnalit\u00e9s du site, comme le cas \u00e9ch\u00e9ant l\u2019acc\u00e8s \u00e0 votre compte personnel, ou encore de m\u00e9moriser les pr\u00e9f\u00e9rences d&rsquo;affichage de votre terminal (langue, param\u00e8tres d&rsquo;affichage) et d&rsquo;en tenir compte lors de vos visites, selon la [&hellip;]\" \/>\n<meta property=\"og:url\" content=\"https:\/\/caencharpente.fr\/?page_id=648\" \/>\n<meta property=\"og:site_name\" content=\"Caen Charpente\" \/>\n<meta property=\"article:modified_time\" content=\"2026-02-23T08:39:25+00:00\" \/>\n<meta name=\"twitter:card\" content=\"summary_large_image\" \/>\n<meta name=\"twitter:label1\" content=\"Dur\u00e9e de lecture estim\u00e9e\" \/>\n\t<meta name=\"twitter:data1\" content=\"4 minutes\" \/>\n<script type=\"application\/ld+json\" class=\"yoast-schema-graph\">{\"@context\":\"https:\/\/schema.org\",\"@graph\":[{\"@type\":\"WebPage\",\"@id\":\"https:\/\/caencharpente.fr\/?page_id=648\",\"url\":\"https:\/\/caencharpente.fr\/?page_id=648\",\"name\":\"Infos Cookies - Caen Charpente\",\"isPartOf\":{\"@id\":\"https:\/\/caencharpente.fr\/#website\"},\"datePublished\":\"2023-10-03T08:25:03+00:00\",\"dateModified\":\"2026-02-23T08:39:25+00:00\",\"breadcrumb\":{\"@id\":\"https:\/\/caencharpente.fr\/?page_id=648#breadcrumb\"},\"inLanguage\":\"fr-FR\",\"potentialAction\":[{\"@type\":\"ReadAction\",\"target\":[\"https:\/\/caencharpente.fr\/?page_id=648\"]}]},{\"@type\":\"BreadcrumbList\",\"@id\":\"https:\/\/caencharpente.fr\/?page_id=648#breadcrumb\",\"itemListElement\":[{\"@type\":\"ListItem\",\"position\":1,\"name\":\"Accueil\",\"item\":\"https:\/\/caencharpente.fr\/\"},{\"@type\":\"ListItem\",\"position\":2,\"name\":\"Infos Cookies\"}]},{\"@type\":\"WebSite\",\"@id\":\"https:\/\/caencharpente.fr\/#website\",\"url\":\"https:\/\/caencharpente.fr\/\",\"name\":\"Caen Charpente\",\"description\":\"\",\"publisher\":{\"@id\":\"https:\/\/caencharpente.fr\/#organization\"},\"potentialAction\":[{\"@type\":\"SearchAction\",\"target\":{\"@type\":\"EntryPoint\",\"urlTemplate\":\"https:\/\/caencharpente.fr\/?s={search_term_string}\"},\"query-input\":{\"@type\":\"PropertyValueSpecification\",\"valueRequired\":true,\"valueName\":\"search_term_string\"}}],\"inLanguage\":\"fr-FR\"},{\"@type\":\"Organization\",\"@id\":\"https:\/\/caencharpente.fr\/#organization\",\"name\":\"Caen Charpente\",\"url\":\"https:\/\/caencharpente.fr\/\",\"logo\":{\"@type\":\"ImageObject\",\"inLanguage\":\"fr-FR\",\"@id\":\"https:\/\/caencharpente.fr\/#\/schema\/logo\/image\/\",\"url\":\"https:\/\/caencharpente.fr\/wp-content\/uploads\/2023\/08\/cropped-cropped-cropped-Logo_CharpMenui_RVB__2_-removebg-preview-1920w.webp\",\"contentUrl\":\"https:\/\/caencharpente.fr\/wp-content\/uploads\/2023\/08\/cropped-cropped-cropped-Logo_CharpMenui_RVB__2_-removebg-preview-1920w.webp\",\"width\":1006,\"height\":248,\"caption\":\"Caen Charpente\"},\"image\":{\"@id\":\"https:\/\/caencharpente.fr\/#\/schema\/logo\/image\/\"}}]}<\/script>\n<!-- \/ Yoast SEO plugin. -->","yoast_head_json":{"title":"Infos Cookies - Caen Charpente","robots":{"index":"index","follow":"follow","max-snippet":"max-snippet:-1","max-image-preview":"max-image-preview:large","max-video-preview":"max-video-preview:-1"},"canonical":"https:\/\/caencharpente.fr\/?page_id=648","og_locale":"fr_FR","og_type":"article","og_title":"Infos Cookies - Caen Charpente","og_description":"Cookies du site Caen Charpente Cookies essentiels. Ils sont strictement n\u00e9cessaires \u00e0 l\u2019utilisation du service et permettent l\u2019utilisation des principales fonctionnalit\u00e9s du site, comme le cas \u00e9ch\u00e9ant l\u2019acc\u00e8s \u00e0 votre compte personnel, ou encore de m\u00e9moriser les pr\u00e9f\u00e9rences d&rsquo;affichage de votre terminal (langue, param\u00e8tres d&rsquo;affichage) et d&rsquo;en tenir compte lors de vos visites, selon la [&hellip;]","og_url":"https:\/\/caencharpente.fr\/?page_id=648","og_site_name":"Caen Charpente","article_modified_time":"2026-02-23T08:39:25+00:00","twitter_card":"summary_large_image","twitter_misc":{"Dur\u00e9e de lecture estim\u00e9e":"4 minutes"},"schema":{"@context":"https:\/\/schema.org","@graph":[{"@type":"WebPage","@id":"https:\/\/caencharpente.fr\/?page_id=648","url":"https:\/\/caencharpente.fr\/?page_id=648","name":"Infos Cookies - Caen Charpente","isPartOf":{"@id":"https:\/\/caencharpente.fr\/#website"},"datePublished":"2023-10-03T08:25:03+00:00","dateModified":"2026-02-23T08:39:25+00:00","breadcrumb":{"@id":"https:\/\/caencharpente.fr\/?page_id=648#breadcrumb"},"inLanguage":"fr-FR","potentialAction":[{"@type":"ReadAction","target":["https:\/\/caencharpente.fr\/?page_id=648"]}]},{"@type":"BreadcrumbList","@id":"https:\/\/caencharpente.fr\/?page_id=648#breadcrumb","itemListElement":[{"@type":"ListItem","position":1,"name":"Accueil","item":"https:\/\/caencharpente.fr\/"},{"@type":"ListItem","position":2,"name":"Infos Cookies"}]},{"@type":"WebSite","@id":"https:\/\/caencharpente.fr\/#website","url":"https:\/\/caencharpente.fr\/","name":"Caen Charpente","description":"","publisher":{"@id":"https:\/\/caencharpente.fr\/#organization"},"potentialAction":[{"@type":"SearchAction","target":{"@type":"EntryPoint","urlTemplate":"https:\/\/caencharpente.fr\/?s={search_term_string}"},"query-input":{"@type":"PropertyValueSpecification","valueRequired":true,"valueName":"search_term_string"}}],"inLanguage":"fr-FR"},{"@type":"Organization","@id":"https:\/\/caencharpente.fr\/#organization","name":"Caen Charpente","url":"https:\/\/caencharpente.fr\/","logo":{"@type":"ImageObject","inLanguage":"fr-FR","@id":"https:\/\/caencharpente.fr\/#\/schema\/logo\/image\/","url":"https:\/\/caencharpente.fr\/wp-content\/uploads\/2023\/08\/cropped-cropped-cropped-Logo_CharpMenui_RVB__2_-removebg-preview-1920w.webp","contentUrl":"https:\/\/caencharpente.fr\/wp-content\/uploads\/2023\/08\/cropped-cropped-cropped-Logo_CharpMenui_RVB__2_-removebg-preview-1920w.webp","width":1006,"height":248,"caption":"Caen Charpente"},"image":{"@id":"https:\/\/caencharpente.fr\/#\/schema\/logo\/image\/"}}]}},"_links":{"self":[{"href":"https:\/\/caencharpente.fr\/index.php?rest_route=\/wp\/v2\/pages\/648","targetHints":{"allow":["GET"]}}],"collection":[{"href":"https:\/\/caencharpente.fr\/index.php?rest_route=\/wp\/v2\/pages"}],"about":[{"href":"https:\/\/caencharpente.fr\/index.php?rest_route=\/wp\/v2\/types\/page"}],"author":[{"embeddable":true,"href":"https:\/\/caencharpente.fr\/index.php?rest_route=\/wp\/v2\/users\/1"}],"replies":[{"embeddable":true,"href":"https:\/\/caencharpente.fr\/index.php?rest_route=%2Fwp%2Fv2%2Fcomments&post=648"}],"version-history":[{"count":13,"href":"https:\/\/caencharpente.fr\/index.php?rest_route=\/wp\/v2\/pages\/648\/revisions"}],"predecessor-version":[{"id":2217,"href":"https:\/\/caencharpente.fr\/index.php?rest_route=\/wp\/v2\/pages\/648\/revisions\/2217"}],"wp:attachment":[{"href":"https:\/\/caencharpente.fr\/index.php?rest_route=%2Fwp%2Fv2%2Fmedia&parent=648"}],"curies":[{"name":"wp","href":"https:\/\/api.w.org\/{rel}","templated":true}]}}