{"id":72,"date":"2023-08-11T11:38:17","date_gmt":"2023-08-11T09:38:17","guid":{"rendered":"https:\/\/caencharpente.fr\/?page_id=72"},"modified":"2024-01-18T14:37:30","modified_gmt":"2024-01-18T13:37:30","slug":"contact","status":"publish","type":"page","link":"https:\/\/caencharpente.fr\/?page_id=72","title":{"rendered":"Contact"},"content":{"rendered":"\t\t<div data-elementor-type=\"wp-page\" data-elementor-id=\"72\" class=\"elementor elementor-72\">\n\t\t\t\t\t\t<section class=\"elementor-section elementor-top-section elementor-element elementor-element-52b034c elementor-section-full_width elementor-section-stretched elementor-section-height-default elementor-section-height-default\" data-id=\"52b034c\" data-element_type=\"section\" data-e-type=\"section\" data-settings=\"{&quot;background_background&quot;:&quot;classic&quot;,&quot;stretch_section&quot;:&quot;section-stretched&quot;}\">\n\t\t\t\t\t\t<div class=\"elementor-container elementor-column-gap-default\">\n\t\t\t\t\t<div class=\"elementor-column elementor-col-100 elementor-top-column elementor-element elementor-element-7fdca49\" data-id=\"7fdca49\" data-element_type=\"column\" data-e-type=\"column\">\n\t\t\t<div class=\"elementor-widget-wrap elementor-element-populated\">\n\t\t\t\t\t\t<div class=\"elementor-element elementor-element-06095ec elementor-widget__width-initial elementor-absolute animated-slow e-transform elementor-invisible elementor-widget elementor-widget-heading\" data-id=\"06095ec\" data-element_type=\"widget\" data-e-type=\"widget\" data-settings=\"{&quot;_position&quot;:&quot;absolute&quot;,&quot;_animation&quot;:&quot;fadeInLeft&quot;,&quot;_transform_translateX_effect&quot;:{&quot;unit&quot;:&quot;px&quot;,&quot;size&quot;:300,&quot;sizes&quot;:[]},&quot;_transform_translateY_effect&quot;:{&quot;unit&quot;:&quot;px&quot;,&quot;size&quot;:72,&quot;sizes&quot;:[]},&quot;_transform_translateX_effect_tablet&quot;:{&quot;unit&quot;:&quot;px&quot;,&quot;size&quot;:&quot;&quot;,&quot;sizes&quot;:[]},&quot;_transform_translateX_effect_mobile&quot;:{&quot;unit&quot;:&quot;px&quot;,&quot;size&quot;:&quot;&quot;,&quot;sizes&quot;:[]},&quot;_transform_translateY_effect_tablet&quot;:{&quot;unit&quot;:&quot;px&quot;,&quot;size&quot;:&quot;&quot;,&quot;sizes&quot;:[]},&quot;_transform_translateY_effect_mobile&quot;:{&quot;unit&quot;:&quot;px&quot;,&quot;size&quot;:&quot;&quot;,&quot;sizes&quot;:[]}}\" data-widget_type=\"heading.default\">\n\t\t\t\t<div class=\"elementor-widget-container\">\n\t\t\t\t\t<h2 class=\"elementor-heading-title elementor-size-xl\">CONTACT<\/h2>\t\t\t\t<\/div>\n\t\t\t\t<\/div>\n\t\t\t\t\t<\/div>\n\t\t<\/div>\n\t\t\t\t\t<\/div>\n\t\t<\/section>\n\t\t\t\t<section class=\"elementor-section elementor-top-section elementor-element elementor-element-e870274 elementor-section-boxed elementor-section-height-default elementor-section-height-default\" data-id=\"e870274\" data-element_type=\"section\" data-e-type=\"section\">\n\t\t\t\t\t\t<div class=\"elementor-container elementor-column-gap-default\">\n\t\t\t\t\t<div class=\"elementor-column elementor-col-100 elementor-top-column elementor-element elementor-element-7954b49\" data-id=\"7954b49\" data-element_type=\"column\" data-e-type=\"column\">\n\t\t\t<div class=\"elementor-widget-wrap elementor-element-populated\">\n\t\t\t\t\t\t<div class=\"elementor-element elementor-element-9d18c48 elementor-widget elementor-widget-text-editor\" data-id=\"9d18c48\" data-element_type=\"widget\" data-e-type=\"widget\" data-widget_type=\"text-editor.default\">\n\t\t\t\t<div class=\"elementor-widget-container\">\n\t\t\t\t\t\t\t\t\t<div id=\"1106887121\" class=\"u_1106887121 dmNewParagraph\" data-element-type=\"paragraph\" data-version=\"5\">\n<h1 class=\"m-size-32\"><span class=\"m-font-size-32\">Contactez Caen Charpente :<\/span><span class=\"m-font-size-32\">&nbsp;<\/span><span class=\"m-font-size-32\">votre charpentier et menuisier \u00e0 Caen<\/span><\/h1>\n<\/div>\n<div id=\"1031779602\" class=\"dmNewParagraph\" data-element-type=\"paragraph\" data-version=\"5\" data-diy-text=\"\">\n<p><span class=\"\">Vous habitez Caen et ses alentours, ou encore&nbsp;<\/span>Cabourg, et vous avez pour projet de r\u00e9nover vos menuiseries ext\u00e9rieures ? Votre charpente n\u00e9cessite d\u2019\u00eatre r\u00e9nov\u00e9e ou trait\u00e9e ? Votre maison est mal ou peu isol\u00e9e et vous souhaitez y rem\u00e9dier ?<\/p>\n<p><span class=\"\">En tant que&nbsp;<\/span>ma\u00eetres artisans&nbsp;<span class=\"\">certifi\u00e9s&nbsp;<\/span>RGE Qualibat, chez Caen Charpente, nous mettons au service de vos projets toutes nos comp\u00e9tences et toute notre expertise.<\/p>\n<p>Vous \u00eates accompagn\u00e9 tout au long de votre projet et tout est mis en \u0153uvre pour que votre satisfaction soit totale.<\/p>\n<p>Alors, qu\u2019attendez-vous pour nous contacter et convenir d\u2019un rendez-vous ? Pour ce faire, rien n\u2019est plus simple ! Un simple appel ou quelques clics suffisent.&nbsp;Contactez Caen Charpente au&nbsp;<a href=\"tel:02 31 78 72 78\" target=\"_blank\" rel=\"noopener\" type=\"call\"><span class=\"inline-data-binding\" data-encoded-value=\"MDIgMzEgNzggNzIgNzg=\" data-inline-binding=\"content_library.global.phone.telephone\">02 31 78 72 78<\/span><\/a>&nbsp;<span class=\"\">ou envoyez nous un mail \u00e0 <a href=\"mailto:contact@esnaultcharpente.fr\">contact@caencharpente.fr<\/a><br><\/span><\/p>\n<\/div><br>\t\t\t\t\t\t\t\t<\/div>\n\t\t\t\t<\/div>\n\t\t\t\t\t<\/div>\n\t\t<\/div>\n\t\t\t\t\t<\/div>\n\t\t<\/section>\n\t\t\t\t<section class=\"elementor-section elementor-top-section elementor-element elementor-element-bad7bdb elementor-section-boxed elementor-section-height-default elementor-section-height-default\" data-id=\"bad7bdb\" data-element_type=\"section\" data-e-type=\"section\">\n\t\t\t\t\t\t<div class=\"elementor-container elementor-column-gap-default\">\n\t\t\t\t\t<div class=\"elementor-column elementor-col-100 elementor-top-column elementor-element elementor-element-35360ee\" data-id=\"35360ee\" data-element_type=\"column\" data-e-type=\"column\">\n\t\t\t<div class=\"elementor-widget-wrap\">\n\t\t\t\t\t\t\t<\/div>\n\t\t<\/div>\n\t\t\t\t\t<\/div>\n\t\t<\/section>\n\t\t\t\t<\/div>\n\t\t","protected":false},"excerpt":{"rendered":"<p>CONTACT Contactez Caen Charpente :&nbsp;votre charpentier et menuisier \u00e0 Caen Vous habitez Caen et ses alentours, ou encore&nbsp;Cabourg, et vous avez pour projet de r\u00e9nover vos menuiseries ext\u00e9rieures ? Votre charpente n\u00e9cessite d\u2019\u00eatre r\u00e9nov\u00e9e ou trait\u00e9e ? Votre maison est mal ou peu isol\u00e9e et vous souhaitez y rem\u00e9dier ? En tant que&nbsp;ma\u00eetres artisans&nbsp;certifi\u00e9s&nbsp;RGE Qualibat, [&hellip;]<\/p>\n","protected":false},"author":1,"featured_media":0,"parent":0,"menu_order":0,"comment_status":"closed","ping_status":"closed","template":"","meta":{"ocean_post_layout":"","ocean_both_sidebars_style":"","ocean_both_sidebars_content_width":0,"ocean_both_sidebars_sidebars_width":0,"ocean_sidebar":"0","ocean_second_sidebar":"0","ocean_disable_margins":"enable","ocean_add_body_class":"","ocean_shortcode_before_top_bar":"","ocean_shortcode_after_top_bar":"","ocean_shortcode_before_header":"","ocean_shortcode_after_header":"","ocean_has_shortcode":"","ocean_shortcode_after_title":"","ocean_shortcode_before_footer_widgets":"","ocean_shortcode_after_footer_widgets":"","ocean_shortcode_before_footer_bottom":"","ocean_shortcode_after_footer_bottom":"","ocean_display_top_bar":"default","ocean_display_header":"default","ocean_header_style":"","ocean_center_header_left_menu":"0","ocean_custom_header_template":"0","ocean_custom_logo":0,"ocean_custom_retina_logo":0,"ocean_custom_logo_max_width":0,"ocean_custom_logo_tablet_max_width":0,"ocean_custom_logo_mobile_max_width":0,"ocean_custom_logo_max_height":0,"ocean_custom_logo_tablet_max_height":0,"ocean_custom_logo_mobile_max_height":0,"ocean_header_custom_menu":"0","ocean_menu_typo_font_family":"0","ocean_menu_typo_font_subset":"","ocean_menu_typo_font_size":0,"ocean_menu_typo_font_size_tablet":0,"ocean_menu_typo_font_size_mobile":0,"ocean_menu_typo_font_size_unit":"px","ocean_menu_typo_font_weight":"","ocean_menu_typo_font_weight_tablet":"","ocean_menu_typo_font_weight_mobile":"","ocean_menu_typo_transform":"","ocean_menu_typo_transform_tablet":"","ocean_menu_typo_transform_mobile":"","ocean_menu_typo_line_height":0,"ocean_menu_typo_line_height_tablet":0,"ocean_menu_typo_line_height_mobile":0,"ocean_menu_typo_line_height_unit":"","ocean_menu_typo_spacing":0,"ocean_menu_typo_spacing_tablet":0,"ocean_menu_typo_spacing_mobile":0,"ocean_menu_typo_spacing_unit":"","ocean_menu_link_color":"","ocean_menu_link_color_hover":"","ocean_menu_link_color_active":"","ocean_menu_link_background":"","ocean_menu_link_hover_background":"","ocean_menu_link_active_background":"","ocean_menu_social_links_bg":"","ocean_menu_social_hover_links_bg":"","ocean_menu_social_links_color":"","ocean_menu_social_hover_links_color":"","ocean_disable_title":"default","ocean_disable_heading":"on","ocean_post_title":"","ocean_post_subheading":"","ocean_post_title_style":"","ocean_post_title_background_color":"","ocean_post_title_background":0,"ocean_post_title_bg_image_position":"","ocean_post_title_bg_image_attachment":"","ocean_post_title_bg_image_repeat":"","ocean_post_title_bg_image_size":"","ocean_post_title_height":0,"ocean_post_title_bg_overlay":0.5,"ocean_post_title_bg_overlay_color":"","ocean_disable_breadcrumbs":"default","ocean_breadcrumbs_color":"","ocean_breadcrumbs_separator_color":"","ocean_breadcrumbs_links_color":"","ocean_breadcrumbs_links_hover_color":"","ocean_display_footer_widgets":"default","ocean_display_footer_bottom":"default","ocean_custom_footer_template":"0","footnotes":""},"class_list":["post-72","page","type-page","status-publish","hentry","entry"],"yoast_head":"<!-- This site is optimized with the Yoast SEO plugin v27.0 - https:\/\/yoast.com\/product\/yoast-seo-wordpress\/ -->\n<title>Contact - Caen Charpente<\/title>\n<meta name=\"robots\" content=\"index, follow, max-snippet:-1, max-image-preview:large, max-video-preview:-1\" \/>\n<link rel=\"canonical\" href=\"https:\/\/caencharpente.fr\/?page_id=72\" \/>\n<meta property=\"og:locale\" content=\"fr_FR\" \/>\n<meta property=\"og:type\" content=\"article\" \/>\n<meta property=\"og:title\" content=\"Contact - Caen Charpente\" \/>\n<meta property=\"og:description\" content=\"CONTACT Contactez Caen Charpente :&nbsp;votre charpentier et menuisier \u00e0 Caen Vous habitez Caen et ses alentours, ou encore&nbsp;Cabourg, et vous avez pour projet de r\u00e9nover vos menuiseries ext\u00e9rieures ? Votre charpente n\u00e9cessite d\u2019\u00eatre r\u00e9nov\u00e9e ou trait\u00e9e ? Votre maison est mal ou peu isol\u00e9e et vous souhaitez y rem\u00e9dier ? En tant que&nbsp;ma\u00eetres artisans&nbsp;certifi\u00e9s&nbsp;RGE Qualibat, [&hellip;]\" \/>\n<meta property=\"og:url\" content=\"https:\/\/caencharpente.fr\/?page_id=72\" \/>\n<meta property=\"og:site_name\" content=\"Caen Charpente\" \/>\n<meta property=\"article:modified_time\" content=\"2024-01-18T13:37:30+00:00\" \/>\n<meta name=\"twitter:card\" content=\"summary_large_image\" \/>\n<meta name=\"twitter:label1\" content=\"Dur\u00e9e de lecture estim\u00e9e\" \/>\n\t<meta name=\"twitter:data1\" content=\"1 minute\" \/>\n<script type=\"application\/ld+json\" class=\"yoast-schema-graph\">{\"@context\":\"https:\/\/schema.org\",\"@graph\":[{\"@type\":\"WebPage\",\"@id\":\"https:\/\/caencharpente.fr\/?page_id=72\",\"url\":\"https:\/\/caencharpente.fr\/?page_id=72\",\"name\":\"Contact - Caen Charpente\",\"isPartOf\":{\"@id\":\"https:\/\/caencharpente.fr\/#website\"},\"datePublished\":\"2023-08-11T09:38:17+00:00\",\"dateModified\":\"2024-01-18T13:37:30+00:00\",\"breadcrumb\":{\"@id\":\"https:\/\/caencharpente.fr\/?page_id=72#breadcrumb\"},\"inLanguage\":\"fr-FR\",\"potentialAction\":[{\"@type\":\"ReadAction\",\"target\":[\"https:\/\/caencharpente.fr\/?page_id=72\"]}]},{\"@type\":\"BreadcrumbList\",\"@id\":\"https:\/\/caencharpente.fr\/?page_id=72#breadcrumb\",\"itemListElement\":[{\"@type\":\"ListItem\",\"position\":1,\"name\":\"Accueil\",\"item\":\"https:\/\/caencharpente.fr\/\"},{\"@type\":\"ListItem\",\"position\":2,\"name\":\"Contact\"}]},{\"@type\":\"WebSite\",\"@id\":\"https:\/\/caencharpente.fr\/#website\",\"url\":\"https:\/\/caencharpente.fr\/\",\"name\":\"Caen Charpente\",\"description\":\"\",\"publisher\":{\"@id\":\"https:\/\/caencharpente.fr\/#organization\"},\"potentialAction\":[{\"@type\":\"SearchAction\",\"target\":{\"@type\":\"EntryPoint\",\"urlTemplate\":\"https:\/\/caencharpente.fr\/?s={search_term_string}\"},\"query-input\":{\"@type\":\"PropertyValueSpecification\",\"valueRequired\":true,\"valueName\":\"search_term_string\"}}],\"inLanguage\":\"fr-FR\"},{\"@type\":\"Organization\",\"@id\":\"https:\/\/caencharpente.fr\/#organization\",\"name\":\"Caen Charpente\",\"url\":\"https:\/\/caencharpente.fr\/\",\"logo\":{\"@type\":\"ImageObject\",\"inLanguage\":\"fr-FR\",\"@id\":\"https:\/\/caencharpente.fr\/#\/schema\/logo\/image\/\",\"url\":\"https:\/\/caencharpente.fr\/wp-content\/uploads\/2023\/08\/cropped-cropped-cropped-Logo_CharpMenui_RVB__2_-removebg-preview-1920w.webp\",\"contentUrl\":\"https:\/\/caencharpente.fr\/wp-content\/uploads\/2023\/08\/cropped-cropped-cropped-Logo_CharpMenui_RVB__2_-removebg-preview-1920w.webp\",\"width\":1006,\"height\":248,\"caption\":\"Caen Charpente\"},\"image\":{\"@id\":\"https:\/\/caencharpente.fr\/#\/schema\/logo\/image\/\"}}]}<\/script>\n<!-- \/ Yoast SEO plugin. -->","yoast_head_json":{"title":"Contact - Caen Charpente","robots":{"index":"index","follow":"follow","max-snippet":"max-snippet:-1","max-image-preview":"max-image-preview:large","max-video-preview":"max-video-preview:-1"},"canonical":"https:\/\/caencharpente.fr\/?page_id=72","og_locale":"fr_FR","og_type":"article","og_title":"Contact - Caen Charpente","og_description":"CONTACT Contactez Caen Charpente :&nbsp;votre charpentier et menuisier \u00e0 Caen Vous habitez Caen et ses alentours, ou encore&nbsp;Cabourg, et vous avez pour projet de r\u00e9nover vos menuiseries ext\u00e9rieures ? Votre charpente n\u00e9cessite d\u2019\u00eatre r\u00e9nov\u00e9e ou trait\u00e9e ? Votre maison est mal ou peu isol\u00e9e et vous souhaitez y rem\u00e9dier ? En tant que&nbsp;ma\u00eetres artisans&nbsp;certifi\u00e9s&nbsp;RGE Qualibat, [&hellip;]","og_url":"https:\/\/caencharpente.fr\/?page_id=72","og_site_name":"Caen Charpente","article_modified_time":"2024-01-18T13:37:30+00:00","twitter_card":"summary_large_image","twitter_misc":{"Dur\u00e9e de lecture estim\u00e9e":"1 minute"},"schema":{"@context":"https:\/\/schema.org","@graph":[{"@type":"WebPage","@id":"https:\/\/caencharpente.fr\/?page_id=72","url":"https:\/\/caencharpente.fr\/?page_id=72","name":"Contact - Caen Charpente","isPartOf":{"@id":"https:\/\/caencharpente.fr\/#website"},"datePublished":"2023-08-11T09:38:17+00:00","dateModified":"2024-01-18T13:37:30+00:00","breadcrumb":{"@id":"https:\/\/caencharpente.fr\/?page_id=72#breadcrumb"},"inLanguage":"fr-FR","potentialAction":[{"@type":"ReadAction","target":["https:\/\/caencharpente.fr\/?page_id=72"]}]},{"@type":"BreadcrumbList","@id":"https:\/\/caencharpente.fr\/?page_id=72#breadcrumb","itemListElement":[{"@type":"ListItem","position":1,"name":"Accueil","item":"https:\/\/caencharpente.fr\/"},{"@type":"ListItem","position":2,"name":"Contact"}]},{"@type":"WebSite","@id":"https:\/\/caencharpente.fr\/#website","url":"https:\/\/caencharpente.fr\/","name":"Caen Charpente","description":"","publisher":{"@id":"https:\/\/caencharpente.fr\/#organization"},"potentialAction":[{"@type":"SearchAction","target":{"@type":"EntryPoint","urlTemplate":"https:\/\/caencharpente.fr\/?s={search_term_string}"},"query-input":{"@type":"PropertyValueSpecification","valueRequired":true,"valueName":"search_term_string"}}],"inLanguage":"fr-FR"},{"@type":"Organization","@id":"https:\/\/caencharpente.fr\/#organization","name":"Caen Charpente","url":"https:\/\/caencharpente.fr\/","logo":{"@type":"ImageObject","inLanguage":"fr-FR","@id":"https:\/\/caencharpente.fr\/#\/schema\/logo\/image\/","url":"https:\/\/caencharpente.fr\/wp-content\/uploads\/2023\/08\/cropped-cropped-cropped-Logo_CharpMenui_RVB__2_-removebg-preview-1920w.webp","contentUrl":"https:\/\/caencharpente.fr\/wp-content\/uploads\/2023\/08\/cropped-cropped-cropped-Logo_CharpMenui_RVB__2_-removebg-preview-1920w.webp","width":1006,"height":248,"caption":"Caen Charpente"},"image":{"@id":"https:\/\/caencharpente.fr\/#\/schema\/logo\/image\/"}}]}},"_links":{"self":[{"href":"https:\/\/caencharpente.fr\/index.php?rest_route=\/wp\/v2\/pages\/72","targetHints":{"allow":["GET"]}}],"collection":[{"href":"https:\/\/caencharpente.fr\/index.php?rest_route=\/wp\/v2\/pages"}],"about":[{"href":"https:\/\/caencharpente.fr\/index.php?rest_route=\/wp\/v2\/types\/page"}],"author":[{"embeddable":true,"href":"https:\/\/caencharpente.fr\/index.php?rest_route=\/wp\/v2\/users\/1"}],"replies":[{"embeddable":true,"href":"https:\/\/caencharpente.fr\/index.php?rest_route=%2Fwp%2Fv2%2Fcomments&post=72"}],"version-history":[{"count":81,"href":"https:\/\/caencharpente.fr\/index.php?rest_route=\/wp\/v2\/pages\/72\/revisions"}],"predecessor-version":[{"id":1986,"href":"https:\/\/caencharpente.fr\/index.php?rest_route=\/wp\/v2\/pages\/72\/revisions\/1986"}],"wp:attachment":[{"href":"https:\/\/caencharpente.fr\/index.php?rest_route=%2Fwp%2Fv2%2Fmedia&parent=72"}],"curies":[{"name":"wp","href":"https:\/\/api.w.org\/{rel}","templated":true}]}}